{"id":823,"date":"2021-11-22T18:03:06","date_gmt":"2021-11-22T17:03:06","guid":{"rendered":"https:\/\/isais.live\/?page_id=823"},"modified":"2024-11-04T10:43:17","modified_gmt":"2024-11-04T09:43:17","slug":"temoignages","status":"publish","type":"page","link":"https:\/\/isais.live\/index.php\/temoignages\/","title":{"rendered":"T\u00e9moignages"},"content":{"rendered":"[et_pb_section fb_built=\u00a0\u00bb1&Prime; _builder_version=\u00a0\u00bb3.29.3&Prime; custom_margin=\u00a0\u00bb0px||0px||false|false\u00a0\u00bb custom_padding=\u00a0\u00bb0px||0px||false|false\u00a0\u00bb border_width_all=\u00a0\u00bb1px\u00a0\u00bb border_width_top=\u00a0\u00bb0px\u00a0\u00bb border_width_right=\u00a0\u00bb0px\u00a0\u00bb border_color_bottom=\u00a0\u00bb#d3d3d3&Prime; border_width_left=\u00a0\u00bb0px\u00a0\u00bb border_color_left=\u00a0\u00bb#eeeeee\u00a0\u00bb fb_built=\u00a0\u00bb1&Prime; _i=\u00a0\u00bb0&Prime; _address=\u00a0\u00bb0&Prime;][et_pb_row _builder_version=\u00a0\u00bb3.29.3&Prime; custom_margin=\u00a0\u00bb0px||0px||false|false\u00a0\u00bb custom_padding=\u00a0\u00bb19px||0px||false|false\u00a0\u00bb _i=\u00a0\u00bb0&Prime; _address=\u00a0\u00bb0.0&Prime;][et_pb_column type=\u00a0\u00bb4_4&Prime; _builder_version=\u00a0\u00bb3.29.3&Prime; _i=\u00a0\u00bb0&Prime; _address=\u00a0\u00bb0.0.0&Prime;][et_pb_code _builder_version=\u00a0\u00bb3.29.3&Prime; _i=\u00a0\u00bb0&Prime; _address=\u00a0\u00bb0.0.0.0&Prime;]<ul id=\"menu-principal\" class=\"menu nav top-menu\"><li id=\"menu-item-64\" class=\"menu-item menu-item-type-post_type menu-item-object-page menu-item-home menu-item-64\"><a href=\"https:\/\/isais.live\/\">Accueil<\/a><\/li>\n<li id=\"menu-item-457\" class=\"menu-item menu-item-type-post_type menu-item-object-page menu-item-457\"><a href=\"https:\/\/isais.live\/index.php\/qui-suis-je\/\">Qui suis-je?<\/a><\/li>\n<li id=\"menu-item-65\" class=\"menu-item menu-item-type-post_type menu-item-object-page menu-item-65\"><a href=\"https:\/\/isais.live\/index.php\/memoire-cellulaire\/\">Consultation en individuel<\/a><\/li>\n<li id=\"menu-item-1439\" class=\"menu-item menu-item-type-post_type menu-item-object-page menu-item-1439\"><a href=\"https:\/\/isais.live\/index.php\/stage-alchimie-des-principes-masculin-feminin\/\">STAGE ALCHIMIE DES PRINCIPES MASCULIN &amp; FEMININ<\/a><\/li>\n<li id=\"menu-item-892\" class=\"menu-item menu-item-type-post_type menu-item-object-page menu-item-892\"><a href=\"https:\/\/isais.live\/index.php\/formation-methode-pgl\/\">Formation professionnelle compl\u00e8te<\/a><\/li>\n<li id=\"menu-item-834\" class=\"menu-item menu-item-type-post_type menu-item-object-page menu-item-834\"><a href=\"https:\/\/isais.live\/index.php\/temoignages\/\">T\u00e9moignages<\/a><\/li>\n<\/ul>[\/et_pb_code][\/et_pb_column][\/et_pb_row][\/et_pb_section][et_pb_section fb_built=\u00a0\u00bb1&Prime; next_background_color=\u00a0\u00bbrgba(194,209,207,0.46)\u00a0\u00bb _builder_version=\u00a0\u00bb3.29.3&Prime; background_image=\u00a0\u00bbhttps:\/\/isais.live\/wp-content\/uploads\/2021\/11\/cercle-en-bois-a-decorer-livre-dor-15-cm-l.jpeg\u00a0\u00bb background_size=\u00a0\u00bbcontain\u00a0\u00bb background_repeat=\u00a0\u00bbrepeat-y\u00a0\u00bb bottom_divider_style=\u00a0\u00bbcurve2&Prime; fb_built=\u00a0\u00bb1&Prime; _i=\u00a0\u00bb1&Prime; _address=\u00a0\u00bb1&Prime;][\/et_pb_section][et_pb_section fb_built=\u00a0\u00bb1&Prime; next_background_color=\u00a0\u00bb#ffffff\u00a0\u00bb _builder_version=\u00a0\u00bb3.29.3&Prime; background_color=\u00a0\u00bbrgba(194,209,207,0.46)\u00a0\u00bb bottom_divider_style=\u00a0\u00bbwave2&Prime; fb_built=\u00a0\u00bb1&Prime; _i=\u00a0\u00bb2&Prime; _address=\u00a0\u00bb2&Prime;][et_pb_row _builder_version=\u00a0\u00bb3.29.3&Prime; min_height=\u00a0\u00bb413.4px\u00a0\u00bb custom_margin=\u00a0\u00bb|auto|-12px|auto||\u00a0\u00bb custom_padding=\u00a0\u00bb||61px|||\u00a0\u00bb hover_enabled=\u00a0\u00bb0&Prime; _i=\u00a0\u00bb0&Prime; _address=\u00a0\u00bb2.0&Prime; column_structure=\u00a0\u00bb1_2,1_2&Prime;][et_pb_column type=\u00a0\u00bb1_2&Prime; _builder_version=\u00a0\u00bb3.29.3&Prime; _i=\u00a0\u00bb0&Prime; _address=\u00a0\u00bb2.0.0&Prime;][et_pb_image src=\u00a0\u00bbhttps:\/\/isais.live\/wp-content\/uploads\/2024\/11\/WhatsApp-Image-2024-11-04-at-10.22.417-1.jpeg\u00a0\u00bb _builder_version=\u00a0\u00bb3.29.3&Prime; min_height=\u00a0\u00bb373px\u00a0\u00bb hover_enabled=\u00a0\u00bb0&Prime; _i=\u00a0\u00bb0&Prime; _address=\u00a0\u00bb2.0.0.0&Prime;][\/et_pb_image][\/et_pb_column][et_pb_column _builder_version=\u00a0\u00bb3.29.3&Prime; type=\u00a0\u00bb1_2&Prime; hover_enabled=\u00a0\u00bb0&Prime;][et_pb_image src=\u00a0\u00bbhttps:\/\/isais.live\/wp-content\/uploads\/2024\/11\/WhatsApp-Image-2024-11-04-at-10.22.412-1.jpeg\u00a0\u00bb _builder_version=\u00a0\u00bb3.29.3&Prime; hover_enabled=\u00a0\u00bb0&Prime;][\/et_pb_image][\/et_pb_column][\/et_pb_row][et_pb_row _builder_version=\u00a0\u00bb3.29.3&Prime; min_height=\u00a0\u00bb413.4px\u00a0\u00bb custom_margin=\u00a0\u00bb|auto|-12px|auto||\u00a0\u00bb custom_padding=\u00a0\u00bb||61px|||\u00a0\u00bb hover_enabled=\u00a0\u00bb0&Prime; _i=\u00a0\u00bb0&Prime; _address=\u00a0\u00bb2.0&Prime; column_structure=\u00a0\u00bb1_2,1_2&Prime;][et_pb_column type=\u00a0\u00bb1_2&Prime; _builder_version=\u00a0\u00bb3.29.3&Prime; _i=\u00a0\u00bb0&Prime; _address=\u00a0\u00bb2.0.0&Prime;][et_pb_image src=\u00a0\u00bbhttps:\/\/isais.live\/wp-content\/uploads\/2024\/11\/WhatsApp-Image-2024-11-04-at-10.22.41-1.jpeg\u00a0\u00bb _builder_version=\u00a0\u00bb3.29.3&Prime; min_height=\u00a0\u00bb373px\u00a0\u00bb hover_enabled=\u00a0\u00bb0&Prime; _i=\u00a0\u00bb0&Prime; _address=\u00a0\u00bb2.0.0.0&Prime;][\/et_pb_image][\/et_pb_column][et_pb_column _builder_version=\u00a0\u00bb3.29.3&Prime; type=\u00a0\u00bb1_2&Prime; hover_enabled=\u00a0\u00bb0&Prime;][et_pb_image src=\u00a0\u00bbhttps:\/\/isais.live\/wp-content\/uploads\/2024\/11\/WhatsApp-Image-2024-11-04-at-10.22.419-1.jpeg\u00a0\u00bb _builder_version=\u00a0\u00bb3.29.3&Prime; hover_enabled=\u00a0\u00bb0&Prime;][\/et_pb_image][\/et_pb_column][\/et_pb_row][et_pb_row _builder_version=\u00a0\u00bb3.29.3&Prime; min_height=\u00a0\u00bb413.4px\u00a0\u00bb custom_margin=\u00a0\u00bb|auto|-12px|auto||\u00a0\u00bb custom_padding=\u00a0\u00bb||61px|||\u00a0\u00bb hover_enabled=\u00a0\u00bb0&Prime; _i=\u00a0\u00bb0&Prime; _address=\u00a0\u00bb2.0&Prime; column_structure=\u00a0\u00bb1_2,1_2&Prime;][et_pb_column type=\u00a0\u00bb1_2&Prime; _builder_version=\u00a0\u00bb3.29.3&Prime; _i=\u00a0\u00bb0&Prime; _address=\u00a0\u00bb2.0.0&Prime;][et_pb_image src=\u00a0\u00bbhttps:\/\/isais.live\/wp-content\/uploads\/2024\/11\/WhatsApp-Image-2024-11-04-at-10.22.418-1.jpeg\u00a0\u00bb _builder_version=\u00a0\u00bb3.29.3&Prime; min_height=\u00a0\u00bb373px\u00a0\u00bb hover_enabled=\u00a0\u00bb0&Prime; _i=\u00a0\u00bb0&Prime; _address=\u00a0\u00bb2.0.0.0&Prime;][\/et_pb_image][\/et_pb_column][et_pb_column _builder_version=\u00a0\u00bb3.29.3&Prime; type=\u00a0\u00bb1_2&Prime; hover_enabled=\u00a0\u00bb0&Prime;][et_pb_image src=\u00a0\u00bbhttps:\/\/isais.live\/wp-content\/uploads\/2024\/11\/WhatsApp-Image-2024-11-04-at-10.22.411-1.jpeg\u00a0\u00bb _builder_version=\u00a0\u00bb3.29.3&Prime; hover_enabled=\u00a0\u00bb0&Prime;][\/et_pb_image][\/et_pb_column][\/et_pb_row][et_pb_row _builder_version=\u00a0\u00bb3.29.3&Prime; min_height=\u00a0\u00bb413.4px\u00a0\u00bb custom_margin=\u00a0\u00bb|auto|-12px|auto||\u00a0\u00bb custom_padding=\u00a0\u00bb||61px|||\u00a0\u00bb hover_enabled=\u00a0\u00bb0&Prime; _i=\u00a0\u00bb0&Prime; _address=\u00a0\u00bb2.0&Prime; column_structure=\u00a0\u00bb1_2,1_2&Prime;][et_pb_column type=\u00a0\u00bb1_2&Prime; _builder_version=\u00a0\u00bb3.29.3&Prime; _i=\u00a0\u00bb0&Prime; _address=\u00a0\u00bb2.0.0&Prime;][et_pb_image src=\u00a0\u00bbhttps:\/\/isais.live\/wp-content\/uploads\/2024\/11\/WhatsApp-Image-2024-11-04-at-10.22.413-1.jpeg\u00a0\u00bb _builder_version=\u00a0\u00bb3.29.3&Prime; min_height=\u00a0\u00bb373px\u00a0\u00bb hover_enabled=\u00a0\u00bb0&Prime; _i=\u00a0\u00bb0&Prime; _address=\u00a0\u00bb2.0.0.0&Prime;][\/et_pb_image][\/et_pb_column][et_pb_column _builder_version=\u00a0\u00bb3.29.3&Prime; type=\u00a0\u00bb1_2&Prime; hover_enabled=\u00a0\u00bb0&Prime;][et_pb_image src=\u00a0\u00bbhttps:\/\/isais.live\/wp-content\/uploads\/2024\/11\/WhatsApp-Image-2024-11-04-at-10.22.415-1.jpeg\u00a0\u00bb _builder_version=\u00a0\u00bb3.29.3&Prime; hover_enabled=\u00a0\u00bb0&Prime;][\/et_pb_image][\/et_pb_column][\/et_pb_row][et_pb_row _builder_version=\u00a0\u00bb3.29.3&Prime; min_height=\u00a0\u00bb413.4px\u00a0\u00bb custom_margin=\u00a0\u00bb|auto|-12px|auto||\u00a0\u00bb custom_padding=\u00a0\u00bb||61px|||\u00a0\u00bb hover_enabled=\u00a0\u00bb0&Prime; _i=\u00a0\u00bb0&Prime; _address=\u00a0\u00bb2.0&Prime; column_structure=\u00a0\u00bb1_2,1_2&Prime;][et_pb_column type=\u00a0\u00bb1_2&Prime; _builder_version=\u00a0\u00bb3.29.3&Prime; _i=\u00a0\u00bb0&Prime; _address=\u00a0\u00bb2.0.0&Prime;][et_pb_image src=\u00a0\u00bbhttps:\/\/isais.live\/wp-content\/uploads\/2024\/11\/WhatsApp-Image-2024-11-04-at-10.22.414-1.jpeg\u00a0\u00bb _builder_version=\u00a0\u00bb3.29.3&Prime; min_height=\u00a0\u00bb373px\u00a0\u00bb hover_enabled=\u00a0\u00bb0&Prime; _i=\u00a0\u00bb0&Prime; _address=\u00a0\u00bb2.0.0.0&Prime;][\/et_pb_image][\/et_pb_column][et_pb_column _builder_version=\u00a0\u00bb3.29.3&Prime; type=\u00a0\u00bb1_2&Prime; hover_enabled=\u00a0\u00bb0&Prime;][et_pb_image src=\u00a0\u00bbhttps:\/\/isais.live\/wp-content\/uploads\/2024\/11\/WhatsApp-Image-2024-11-04-at-10.22.416-1.jpeg\u00a0\u00bb _builder_version=\u00a0\u00bb3.29.3&Prime; hover_enabled=\u00a0\u00bb0&Prime;][\/et_pb_image][\/et_pb_column][\/et_pb_row][et_pb_row _builder_version=\u00a0\u00bb3.29.3&Prime; min_height=\u00a0\u00bb413.4px\u00a0\u00bb custom_margin=\u00a0\u00bb|auto|-12px|auto||\u00a0\u00bb custom_padding=\u00a0\u00bb||61px|||\u00a0\u00bb _i=\u00a0\u00bb0&Prime; _address=\u00a0\u00bb2.0&Prime;][et_pb_column type=\u00a0\u00bb4_4&Prime; _builder_version=\u00a0\u00bb3.29.3&Prime; _i=\u00a0\u00bb0&Prime; _address=\u00a0\u00bb2.0.0&Prime;][et_pb_image src=\u00a0\u00bbhttps:\/\/isais.live\/wp-content\/uploads\/2023\/06\/342991833_3396509360665358_6330266570275772481_n.jpeg\u00a0\u00bb _builder_version=\u00a0\u00bb3.29.3&Prime; min_height=\u00a0\u00bb373px\u00a0\u00bb _i=\u00a0\u00bb0&Prime; _address=\u00a0\u00bb2.0.0.0&Prime;][\/et_pb_image][\/et_pb_column][\/et_pb_row][et_pb_row column_structure=\u00a0\u00bb1_2,1_2&Prime; _builder_version=\u00a0\u00bb3.29.3&Prime; min_height=\u00a0\u00bb413.4px\u00a0\u00bb custom_margin=\u00a0\u00bb|auto|-12px|auto||\u00a0\u00bb custom_padding=\u00a0\u00bb||61px|||\u00a0\u00bb _i=\u00a0\u00bb1&Prime; _address=\u00a0\u00bb2.1&Prime;][et_pb_column type=\u00a0\u00bb1_2&Prime; _builder_version=\u00a0\u00bb3.29.3&Prime; _i=\u00a0\u00bb0&Prime; _address=\u00a0\u00bb2.1.0&Prime;][et_pb_image src=\u00a0\u00bbhttps:\/\/isais.live\/wp-content\/uploads\/2023\/06\/351314694_633104625108668_5009069920381888569_n.jpeg\u00a0\u00bb _builder_version=\u00a0\u00bb3.29.3&Prime; custom_padding=\u00a0\u00bb|105px||||\u00a0\u00bb _i=\u00a0\u00bb0&Prime; _address=\u00a0\u00bb2.1.0.0&Prime;][\/et_pb_image][\/et_pb_column][et_pb_column type=\u00a0\u00bb1_2&Prime; _builder_version=\u00a0\u00bb3.29.3&Prime; hover_enabled=\u00a0\u00bb0&Prime; _i=\u00a0\u00bb1&Prime; _address=\u00a0\u00bb2.1.1&Prime;][et_pb_text _builder_version=\u00a0\u00bb3.29.3&Prime; hover_enabled=\u00a0\u00bb0&Prime; _i=\u00a0\u00bb0&Prime; _address=\u00a0\u00bb2.1.1.0&Prime;]\n<p><span style=\"text-decoration: underline;\">JUIN\u00a0 2023<\/span><\/p>\n<p>&nbsp;<\/p>\n[\/et_pb_text][et_pb_image src=\u00a0\u00bbhttps:\/\/isais.live\/wp-content\/uploads\/2024\/11\/WhatsApp-Image-2024-11-04-at-10.22.416-1.jpeg\u00a0\u00bb _builder_version=\u00a0\u00bb3.29.3&Prime; hover_enabled=\u00a0\u00bb0&Prime;][\/et_pb_image][\/et_pb_column][\/et_pb_row][et_pb_row column_structure=\u00a0\u00bb1_2,1_2&Prime; _builder_version=\u00a0\u00bb3.29.3&Prime; min_height=\u00a0\u00bb413.4px\u00a0\u00bb custom_margin=\u00a0\u00bb|auto|-12px|auto||\u00a0\u00bb custom_padding=\u00a0\u00bb||61px|||\u00a0\u00bb _i=\u00a0\u00bb2&Prime; _address=\u00a0\u00bb2.2&Prime;][et_pb_column type=\u00a0\u00bb1_2&Prime; _builder_version=\u00a0\u00bb3.29.3&Prime; _i=\u00a0\u00bb0&Prime; _address=\u00a0\u00bb2.2.0&Prime;][et_pb_image src=\u00a0\u00bbhttps:\/\/isais.live\/wp-content\/uploads\/2021\/11\/Capture-de\u0301cran-2021-11-22-a\u0300-18.12.43.png\u00a0\u00bb _builder_version=\u00a0\u00bb3.29.3&Prime; _i=\u00a0\u00bb0&Prime; _address=\u00a0\u00bb2.2.0.0&Prime;][\/et_pb_image][et_pb_text _builder_version=\u00a0\u00bb3.29.3&Prime; _i=\u00a0\u00bb1&Prime; _address=\u00a0\u00bb2.2.0.1&Prime;]\n<p><span style=\"text-decoration: underline;\">Nathalie Juin 2021<\/span><\/p>\n<p>\u00ab\u00a0<span>J\u2019ai d\u00e9couvert \u00e9norm\u00e9ment de choses, pendant ce soin, sur moi-m\u00eame et plus encore. Nathalie nous permet de plonger au plus profond de nous m\u00eame, d\u2019apprendre, et de nous reconnecter\u00a0\u00bb<\/span><\/p>\n<p>&nbsp;<\/p>\n<p><span style=\"text-decoration: underline;\">Cl\u00e9ment, Juillet 2021<\/span><\/p>\n<p><span>\u00ab\u00a0Lieu et cadre agr\u00e9able. S\u00e9ance tr\u00e8s enrichissante, Nathalie sait mettre en confiance pour profiter au mieux du soin \u00e9nerg\u00e9tique.\u00a0\u00bb<\/span><\/p>\n<p><span><\/span><\/p>\n<p><span style=\"text-decoration: underline;\">Carole, Novembre 2021<\/span><span><\/span><\/p>\n<p>\u00a0\u00bb\u00a0<span data-offset-key=\"fosbs-0-0\">L\u2019endroit est magique, un\u00a0<\/span><span>pied<\/span><span data-offset-key=\"fosbs-2-0\">\u00a0dans la yourte et on se sent d\u00e9j\u00e0 mieux.<\/span><span>\u00a0Nathalie accompagne avec bienveillance, \u00e9coute et douceur. Je recommande : p<\/span><span>rendre un moment pour soi dans cet espace est un cadeau et int\u00e9ressant de pouvoir exp\u00e9rimenter les diff\u00e9rents ateliers qui sont compl\u00e9mentaires (approche coeur et corps)\u00a0\u00bb<\/span><\/p>\n[\/et_pb_text][et_pb_text _builder_version=\u00a0\u00bb3.29.3&Prime; _i=\u00a0\u00bb2&Prime; _address=\u00a0\u00bb2.2.0.2&Prime;]\n<p><span style=\"text-decoration: underline;\">C. le 30 Avril 2022<\/span><\/p>\n<p><span>Dans mon village la maison D&rsquo;ISAIS avec un puit de lumi\u00e8re, je me suis senti en confiance. Nathalie est une personne adorable<\/span>\u00a0qui m&rsquo;a aid\u00e9 a avoir un meilleur \u00e9quillibre et un changement d intelligence de l int\u00e9rieur \ud83d\ude42 MERCI !<\/p>\n<p>&nbsp;<\/p>\n[\/et_pb_text][\/et_pb_column][et_pb_column type=\u00a0\u00bb1_2&Prime; _builder_version=\u00a0\u00bb3.29.3&Prime; _i=\u00a0\u00bb1&Prime; _address=\u00a0\u00bb2.2.1&Prime;][et_pb_image src=\u00a0\u00bbhttps:\/\/isais.live\/wp-content\/uploads\/2021\/11\/Capture-de\u0301cran-2021-11-22-a\u0300-18.12.55.png\u00a0\u00bb _builder_version=\u00a0\u00bb3.29.3&Prime; _i=\u00a0\u00bb0&Prime; _address=\u00a0\u00bb2.2.1.0&Prime;][\/et_pb_image][et_pb_image src=\u00a0\u00bbhttps:\/\/isais.live\/wp-content\/uploads\/2021\/11\/Capture-de\u0301cran-2021-11-22-a\u0300-18.12.23.png\u00a0\u00bb _builder_version=\u00a0\u00bb3.29.3&Prime; _i=\u00a0\u00bb1&Prime; _address=\u00a0\u00bb2.2.1.1&Prime;][\/et_pb_image][et_pb_text _builder_version=\u00a0\u00bb3.29.3&Prime; _i=\u00a0\u00bb2&Prime; _address=\u00a0\u00bb2.2.1.2&Prime;]\n<p><span style=\"text-decoration: underline;\"><span class=\"s1\">Virginie M.<\/span> Janvier\u00a0 2022<\/span><\/p>\n<p>\u00ab<span class=\"s1\">Gr\u00e2ce \u00e0 ses s\u00e9ances sur mesure coupl\u00e9es \u00e0 son \u00e9coute magique, Nathalie m\u2019a accompagn\u00e9e sur la voie du changement. Des soins \u00e9nerg\u00e9tiques personnalis\u00e9s dans un endroit tr\u00e8s inspirant!<\/span><\/p>\n<p class=\"p1\"><span class=\"s1\">Merci Nathalie!)))))<\/span><span>\u00bb<\/span><\/p>\n<p>&nbsp;<\/p>\n[\/et_pb_text][et_pb_image src=\u00a0\u00bbhttps:\/\/isais.live\/wp-content\/uploads\/2022\/04\/Capture-de\u0301cran-2022-04-11-a\u0300-16.57.38.png\u00a0\u00bb _builder_version=\u00a0\u00bb3.29.3&Prime; _i=\u00a0\u00bb3&Prime; _address=\u00a0\u00bb2.2.1.3&Prime;][\/et_pb_image][\/et_pb_column][\/et_pb_row][\/et_pb_section]\n","protected":false},"excerpt":{"rendered":"<p>[et_pb_section fb_built=\u00a0\u00bb1&Prime; _builder_version=\u00a0\u00bb3.29.3&Prime; custom_margin=\u00a0\u00bb0px||0px||false|false\u00a0\u00bb custom_padding=\u00a0\u00bb0px||0px||false|false\u00a0\u00bb border_width_all=\u00a0\u00bb1px\u00a0\u00bb border_width_top=\u00a0\u00bb0px\u00a0\u00bb border_width_right=\u00a0\u00bb0px\u00a0\u00bb border_color_bottom=\u00a0\u00bb#d3d3d3&Prime; border_width_left=\u00a0\u00bb0px\u00a0\u00bb border_color_left=\u00a0\u00bb#eeeeee\u00a0\u00bb fb_built=\u00a0\u00bb1&Prime; _i=\u00a0\u00bb0&Prime; _address=\u00a0\u00bb0&Prime;][et_pb_row _builder_version=\u00a0\u00bb3.29.3&Prime; custom_margin=\u00a0\u00bb0px||0px||false|false\u00a0\u00bb custom_padding=\u00a0\u00bb19px||0px||false|false\u00a0\u00bb _i=\u00a0\u00bb0&Prime; _address=\u00a0\u00bb0.0&Prime;][et_pb_column type=\u00a0\u00bb4_4&Prime; _builder_version=\u00a0\u00bb3.29.3&Prime; _i=\u00a0\u00bb0&Prime; _address=\u00a0\u00bb0.0.0&Prime;][et_pb_code _builder_version=\u00a0\u00bb3.29.3&Prime; _i=\u00a0\u00bb0&Prime; _address=\u00a0\u00bb0.0.0.0&Prime;][\/et_pb_code][\/et_pb_column][\/et_pb_row][\/et_pb_section][et_pb_section fb_built=\u00a0\u00bb1&Prime; next_background_color=\u00a0\u00bbrgba(194,209,207,0.46)\u00a0\u00bb _builder_version=\u00a0\u00bb3.29.3&Prime; background_image=\u00a0\u00bbhttps:\/\/isais.live\/wp-content\/uploads\/2021\/11\/cercle-en-bois-a-decorer-livre-dor-15-cm-l.jpeg\u00a0\u00bb background_size=\u00a0\u00bbcontain\u00a0\u00bb background_repeat=\u00a0\u00bbrepeat-y\u00a0\u00bb bottom_divider_style=\u00a0\u00bbcurve2&Prime; fb_built=\u00a0\u00bb1&Prime; _i=\u00a0\u00bb1&Prime; _address=\u00a0\u00bb1&Prime;][\/et_pb_section][et_pb_section fb_built=\u00a0\u00bb1&Prime; next_background_color=\u00a0\u00bb#ffffff\u00a0\u00bb _builder_version=\u00a0\u00bb3.29.3&Prime; background_color=\u00a0\u00bbrgba(194,209,207,0.46)\u00a0\u00bb bottom_divider_style=\u00a0\u00bbwave2&Prime; fb_built=\u00a0\u00bb1&Prime; _i=\u00a0\u00bb2&Prime; _address=\u00a0\u00bb2&Prime;][et_pb_row _builder_version=\u00a0\u00bb3.29.3&Prime; min_height=\u00a0\u00bb413.4px\u00a0\u00bb custom_margin=\u00a0\u00bb|auto|-12px|auto||\u00a0\u00bb custom_padding=\u00a0\u00bb||61px|||\u00a0\u00bb hover_enabled=\u00a0\u00bb0&Prime; _i=\u00a0\u00bb0&Prime; _address=\u00a0\u00bb2.0&Prime; column_structure=\u00a0\u00bb1_2,1_2&Prime;][et_pb_column type=\u00a0\u00bb1_2&Prime; _builder_version=\u00a0\u00bb3.29.3&Prime; _i=\u00a0\u00bb0&Prime; [&hellip;]<\/p>\n","protected":false},"author":3,"featured_media":0,"parent":0,"menu_order":0,"comment_status":"closed","ping_status":"closed","template":"","meta":{"_et_pb_use_builder":"on","_et_pb_old_content":"","footnotes":""},"class_list":["post-823","page","type-page","status-publish","hentry"],"_links":{"self":[{"href":"https:\/\/isais.live\/index.php\/wp-json\/wp\/v2\/pages\/823","targetHints":{"allow":["GET"]}}],"collection":[{"href":"https:\/\/isais.live\/index.php\/wp-json\/wp\/v2\/pages"}],"about":[{"href":"https:\/\/isais.live\/index.php\/wp-json\/wp\/v2\/types\/page"}],"author":[{"embeddable":true,"href":"https:\/\/isais.live\/index.php\/wp-json\/wp\/v2\/users\/3"}],"replies":[{"embeddable":true,"href":"https:\/\/isais.live\/index.php\/wp-json\/wp\/v2\/comments?post=823"}],"version-history":[{"count":14,"href":"https:\/\/isais.live\/index.php\/wp-json\/wp\/v2\/pages\/823\/revisions"}],"predecessor-version":[{"id":1350,"href":"https:\/\/isais.live\/index.php\/wp-json\/wp\/v2\/pages\/823\/revisions\/1350"}],"wp:attachment":[{"href":"https:\/\/isais.live\/index.php\/wp-json\/wp\/v2\/media?parent=823"}],"curies":[{"name":"wp","href":"https:\/\/api.w.org\/{rel}","templated":true}]}}