{"id":2,"date":"2021-02-09T21:28:45","date_gmt":"2021-02-09T20:28:45","guid":{"rendered":"http:\/\/permaconcept.fr\/?page_id=2"},"modified":"2026-02-10T18:07:44","modified_gmt":"2026-02-10T17:07:44","slug":"accueil","status":"publish","type":"page","link":"https:\/\/isais.live\/","title":{"rendered":"accueil"},"content":{"rendered":"[et_pb_section fb_built=\u00a0\u00bb1&Prime; _builder_version=\u00a0\u00bb3.29.3&Prime; custom_margin=\u00a0\u00bb0px||0px||false|false\u00a0\u00bb custom_padding=\u00a0\u00bb0px||0px||false|false\u00a0\u00bb border_width_all=\u00a0\u00bb1px\u00a0\u00bb border_width_top=\u00a0\u00bb0px\u00a0\u00bb border_width_right=\u00a0\u00bb0px\u00a0\u00bb border_color_bottom=\u00a0\u00bb#d3d3d3&Prime; border_width_left=\u00a0\u00bb0px\u00a0\u00bb border_color_left=\u00a0\u00bb#eeeeee\u00a0\u00bb fb_built=\u00a0\u00bb1&Prime; _i=\u00a0\u00bb0&Prime; _address=\u00a0\u00bb0&Prime;][et_pb_row _builder_version=\u00a0\u00bb3.29.3&Prime; custom_margin=\u00a0\u00bb0px||0px||false|false\u00a0\u00bb custom_padding=\u00a0\u00bb19px||0px||false|false\u00a0\u00bb _i=\u00a0\u00bb0&Prime; _address=\u00a0\u00bb0.0&Prime;][et_pb_column type=\u00a0\u00bb4_4&Prime; _builder_version=\u00a0\u00bb3.29.3&Prime; _i=\u00a0\u00bb0&Prime; _address=\u00a0\u00bb0.0.0&Prime;][et_pb_code _builder_version=\u00a0\u00bb3.29.3&Prime; _i=\u00a0\u00bb0&Prime; _address=\u00a0\u00bb0.0.0.0&Prime;]<ul id=\"menu-principal\" class=\"menu nav top-menu\"><li id=\"menu-item-64\" class=\"menu-item menu-item-type-post_type menu-item-object-page menu-item-home menu-item-64\"><a href=\"https:\/\/isais.live\/\">Accueil<\/a><\/li>\n<li id=\"menu-item-457\" class=\"menu-item menu-item-type-post_type menu-item-object-page menu-item-457\"><a href=\"https:\/\/isais.live\/index.php\/qui-suis-je\/\">Qui suis-je?<\/a><\/li>\n<li id=\"menu-item-65\" class=\"menu-item menu-item-type-post_type menu-item-object-page menu-item-65\"><a href=\"https:\/\/isais.live\/index.php\/memoire-cellulaire\/\">Consultation en individuel<\/a><\/li>\n<li id=\"menu-item-1439\" class=\"menu-item menu-item-type-post_type menu-item-object-page menu-item-1439\"><a href=\"https:\/\/isais.live\/index.php\/stage-alchimie-des-principes-masculin-feminin\/\">STAGE ALCHIMIE DES PRINCIPES MASCULIN &amp; FEMININ<\/a><\/li>\n<li id=\"menu-item-892\" class=\"menu-item menu-item-type-post_type menu-item-object-page menu-item-892\"><a href=\"https:\/\/isais.live\/index.php\/formation-methode-pgl\/\">Formation professionnelle compl\u00e8te<\/a><\/li>\n<li id=\"menu-item-834\" class=\"menu-item menu-item-type-post_type menu-item-object-page menu-item-834\"><a href=\"https:\/\/isais.live\/index.php\/temoignages\/\">T\u00e9moignages<\/a><\/li>\n<\/ul>[\/et_pb_code][\/et_pb_column][\/et_pb_row][\/et_pb_section][et_pb_section fb_built=\u00a0\u00bb1&Prime; admin_label=\u00a0\u00bbsection\u00a0\u00bb _builder_version=\u00a0\u00bb3.29.3&Prime; min_height=\u00a0\u00bb382px\u00a0\u00bb custom_padding=\u00a0\u00bb2px||5px|||\u00a0\u00bb fb_built=\u00a0\u00bb1&Prime; _i=\u00a0\u00bb1&Prime; _address=\u00a0\u00bb1&Prime;][et_pb_row _builder_version=\u00a0\u00bb3.29.3&Prime; width=\u00a0\u00bb100%\u00a0\u00bb max_width=\u00a0\u00bb2560px\u00a0\u00bb custom_padding=\u00a0\u00bb||0px|||\u00a0\u00bb _i=\u00a0\u00bb0&Prime; _address=\u00a0\u00bb1.0&Prime;][et_pb_column type=\u00a0\u00bb4_4&Prime; _builder_version=\u00a0\u00bb3.29.3&Prime; _i=\u00a0\u00bb0&Prime; _address=\u00a0\u00bb1.0.0&Prime;][et_pb_image src=\u00a0\u00bbhttps:\/\/isais.live\/wp-content\/uploads\/2023\/11\/yourte-PATCHWORK.jpg\u00a0\u00bb align=\u00a0\u00bbcenter\u00a0\u00bb _builder_version=\u00a0\u00bb3.29.3&Prime; _i=\u00a0\u00bb0&Prime; _address=\u00a0\u00bb1.0.0.0&Prime;][\/et_pb_image][\/et_pb_column][\/et_pb_row][\/et_pb_section][et_pb_section fb_built=\u00a0\u00bb1&Prime; admin_label=\u00a0\u00bbsection\u00a0\u00bb _builder_version=\u00a0\u00bb3.29.3&Prime; min_height=\u00a0\u00bb382px\u00a0\u00bb custom_padding=\u00a0\u00bb2px||5px|||\u00a0\u00bb fb_built=\u00a0\u00bb1&Prime; _i=\u00a0\u00bb2&Prime; _address=\u00a0\u00bb2&Prime;][et_pb_row _builder_version=\u00a0\u00bb3.29.3&Prime; custom_margin=\u00a0\u00bb-3px|auto||auto||\u00a0\u00bb custom_padding=\u00a0\u00bb5px|||||\u00a0\u00bb _i=\u00a0\u00bb0&Prime; _address=\u00a0\u00bb2.0&Prime;][et_pb_column type=\u00a0\u00bb4_4&Prime; _builder_version=\u00a0\u00bb3.29.3&Prime; _i=\u00a0\u00bb0&Prime; _address=\u00a0\u00bb2.0.0&Prime;][et_pb_text _builder_version=\u00a0\u00bb3.29.3&Prime; custom_margin=\u00a0\u00bb||-1px|||\u00a0\u00bb inline_fonts=\u00a0\u00bbIM Fell French Canon,Montserrat\u00a0\u00bb _i=\u00a0\u00bb0&Prime; _address=\u00a0\u00bb2.0.0.0&Prime;]\n<p>Depuis plusieurs ann\u00e9es, je suis en joie d&rsquo; accompagner hommes et femmes vers<strong> la gu\u00e9rison \u00e9motionnelle<\/strong>, le d\u00e9blocage des r\u00e9sistances et peurs conscientes ou inconscientes, la r\u00e9paration des traumatismes anciens ou r\u00e9cents, ainsi que la <strong>lib\u00e9ration des m\u00e9moires et blessures transg\u00e9n\u00e9rationnelles<\/strong> ou karmiques.<\/p>\n<p>J&rsquo;utilise, entre autres, la m\u00e9thode PGL* (le psychogestionnel), une technique psycho-corporelle qui int\u00e8gre le corps dans le processus th\u00e9rapeutique. J&#8217;emploie \u00e9galement des outils de coaching \u00e9motionnel pour impacter l&rsquo;esprit, puis\u00a0<span style=\"font-size: 14px;\">l&rsquo;olfactoth\u00e9rapie,\u00a0des soins \u00e9nerg\u00e9tiques, <\/span><strong style=\"font-size: 14px;\">mon intuition,<\/strong><span style=\"font-size: 14px;\"> et bien s\u00fbr mon exp\u00e9rience v\u00e9cue. Avant de vous transmettre ces pratiques, je les ai travers\u00e9es et int\u00e9gr\u00e9es dans mon propre corps !<\/span><\/p>\n<p>Mon accompagnement offre aux personnes u<strong>ne autonomie<\/strong> et des outils concrets et puissants, utilisables \u00e0 vie ! Il suscite autant de prises de conscience riches que de changements b\u00e9n\u00e9fiques au niveau <strong>des m\u00e9moires cellulaires<\/strong> du corps afin de d\u00e9bloquer ce qui vous limite.<\/p>\n<p>Cela permet de r\u00e9cup\u00e9rer des parties de soi rest\u00e9es en retrait, de se sentir entier satisfait de qui on est, de s&rsquo;aimer, <strong>d&rsquo;avoir le go\u00fbt de vivre une vie qui vous inspire<\/strong> ; mais aussi de relancer l&rsquo;\u00e9nergie vitale dans le corps et l&rsquo;esprit afin de d\u00e9ployer son r\u00e9el potentiel avec l\u00e9g\u00e8ret\u00e9 et bonne humeur.\u00a0<\/p>\n<p>*Je suis formatrice de la m\u00e9thode PGL, cr\u00e9\u00e9e par Chantal Pisani, neurobiologiste et psychosomaticienne ayant fait une th\u00e8se de neurophysiologie.<\/p>\n<p>&nbsp;<\/p>\n[\/et_pb_text][et_pb_button button_url=\u00a0\u00bbhttps:\/\/isais.live\/index.php\/2024\/05\/13\/enfantinterieur_traumatisme\/\u00a0\u00bb button_text=\u00a0\u00bbenergeticienne aix en provence marseille  m\u00e9moire familiale, enfant int\u00e9rieur, constellation familiale, memoire cellulaire, fardeaux transg\u00e9n\u00e9rationelles, lib\u00e9ration blessure \u00e9motionelle \u00a0\u00bb button_alignment=\u00a0\u00bbcenter\u00a0\u00bb _builder_version=\u00a0\u00bb3.29.3&Prime; custom_button=\u00a0\u00bbon\u00a0\u00bb button_text_color=\u00a0\u00bb#ffffff\u00a0\u00bb button_bg_color=\u00a0\u00bb#ffffff\u00a0\u00bb custom_margin=\u00a0\u00bb||-61px||false|false\u00a0\u00bb custom_margin_tablet=\u00a0\u00bb||4px||false|false\u00a0\u00bb custom_margin_phone=\u00a0\u00bb||8px||false|false\u00a0\u00bb custom_margin_last_edited=\u00a0\u00bbon|tablet\u00a0\u00bb button_bg_enable_color=\u00a0\u00bbon\u00a0\u00bb _i=\u00a0\u00bb1&Prime; _address=\u00a0\u00bb2.0.0.1&Prime;][\/et_pb_button][et_pb_button button_url=\u00a0\u00bbhttps:\/\/isais.live\/index.php\/2024\/05\/13\/enfantinterieur_traumatisme\/\u00a0\u00bb button_text=\u00a0\u00bbMON HISTOIRE PERSONNELLE\u00a0\u00bb button_alignment=\u00a0\u00bbcenter\u00a0\u00bb _builder_version=\u00a0\u00bb3.29.3&Prime; custom_button=\u00a0\u00bbon\u00a0\u00bb button_text_color=\u00a0\u00bb#ffffff\u00a0\u00bb button_bg_color=\u00a0\u00bb#0bbfb9&Prime; custom_margin=\u00a0\u00bb||0px||false|false\u00a0\u00bb custom_margin_tablet=\u00a0\u00bb||4px||false|false\u00a0\u00bb custom_margin_phone=\u00a0\u00bb||8px||false|false\u00a0\u00bb custom_margin_last_edited=\u00a0\u00bbon|tablet\u00a0\u00bb button_bg_enable_color=\u00a0\u00bbon\u00a0\u00bb _i=\u00a0\u00bb2&Prime; _address=\u00a0\u00bb2.0.0.2&Prime;][\/et_pb_button][\/et_pb_column][\/et_pb_row][\/et_pb_section][et_pb_section fb_built=\u00a0\u00bb1&Prime; admin_label=\u00a0\u00bbsection\u00a0\u00bb _builder_version=\u00a0\u00bb3.29.3&Prime; min_height=\u00a0\u00bb100px\u00a0\u00bb custom_padding=\u00a0\u00bb2px||1px|||\u00a0\u00bb fb_built=\u00a0\u00bb1&Prime; _i=\u00a0\u00bb3&Prime; _address=\u00a0\u00bb3&Prime;][et_pb_row _builder_version=\u00a0\u00bb3.29.3&Prime; width=\u00a0\u00bb73.8%\u00a0\u00bb custom_margin=\u00a0\u00bb-23px|auto||auto|false|false\u00a0\u00bb custom_padding=\u00a0\u00bb|0px||||\u00a0\u00bb _i=\u00a0\u00bb0&Prime; _address=\u00a0\u00bb3.0&Prime;][et_pb_column type=\u00a0\u00bb4_4&Prime; _builder_version=\u00a0\u00bb3.29.3&Prime; _i=\u00a0\u00bb0&Prime; _address=\u00a0\u00bb3.0.0&Prime;][et_pb_text content_tablet=\u00a0\u00bb<\/p>\n<p style=%22text-align: center;%22><strong>Je vous propose trois diff\u00e9rentes s\u00e9ances compl\u00e9mentaires : <\/strong><\/p>\n<p>\u00a0\u00bb content_phone=\u00a0\u00bb<\/p>\n<p style=%22text-align: center;%22><strong>Je vous propose trois diff\u00e9rentes s\u00e9ances compl\u00e9mentaires : <\/strong><\/p>\n<p>\u00a0\u00bb content_last_edited=\u00a0\u00bbon|desktop\u00a0\u00bb _builder_version=\u00a0\u00bb3.29.3&Prime; text_text_color=\u00a0\u00bb#50525a\u00a0\u00bb text_font_size=\u00a0\u00bb15px\u00a0\u00bb text_letter_spacing=\u00a0\u00bb4px\u00a0\u00bb ul_font=\u00a0\u00bbMontserrat||||||||\u00a0\u00bb background_color=\u00a0\u00bbrgba(179,211,211,0.76)\u00a0\u00bb width=\u00a0\u00bb100%\u00a0\u00bb min_height=\u00a0\u00bb58px\u00a0\u00bb custom_margin=\u00a0\u00bb4px||-4px|||\u00a0\u00bb custom_margin_tablet=\u00a0\u00bb||4px||false|false\u00a0\u00bb custom_margin_phone=\u00a0\u00bb||8px||false|false\u00a0\u00bb custom_margin_last_edited=\u00a0\u00bbon|tablet\u00a0\u00bb custom_padding=\u00a0\u00bb||0px|||\u00a0\u00bb border_radii=\u00a0\u00bbon|10px|10px|10px|10px\u00a0\u00bb border_width_all=\u00a0\u00bb1px\u00a0\u00bb border_color_all=\u00a0\u00bb#50525a\u00a0\u00bb _i=\u00a0\u00bb0&Prime; _address=\u00a0\u00bb3.0.0.0&Prime;]\n<h2 style=\"text-align: center;\"><span><\/span><\/h2>\n<h2 style=\"text-align: center;\"><span>Je vous propose trois diff\u00e9rentes s\u00e9ances compl\u00e9mentaires :\u00a0\u00a0<\/span><\/h2>\n[\/et_pb_text][\/et_pb_column][\/et_pb_row][et_pb_row column_structure=\u00a0\u00bb1_3,1_3,1_3&Prime; _builder_version=\u00a0\u00bb3.29.3&Prime; width=\u00a0\u00bb77.9%\u00a0\u00bb min_height=\u00a0\u00bb588.4px\u00a0\u00bb custom_margin=\u00a0\u00bb0px|auto|0px|auto|false|false\u00a0\u00bb custom_padding=\u00a0\u00bb|0px||||\u00a0\u00bb _i=\u00a0\u00bb1&Prime; _address=\u00a0\u00bb3.1&Prime;][et_pb_column type=\u00a0\u00bb1_3&Prime; _builder_version=\u00a0\u00bb3.29.3&Prime; _i=\u00a0\u00bb0&Prime; _address=\u00a0\u00bb3.1.0&Prime;][et_pb_image src=\u00a0\u00bbhttps:\/\/isais.live\/wp-content\/uploads\/2021\/10\/adn.jpg\u00a0\u00bb _builder_version=\u00a0\u00bb3.29.3&Prime; _i=\u00a0\u00bb0&Prime; _address=\u00a0\u00bb3.1.0.0&Prime;][\/et_pb_image][et_pb_text _builder_version=\u00a0\u00bb3.29.3&Prime; text_font=\u00a0\u00bbMontserrat||||||||\u00a0\u00bb background_color=\u00a0\u00bbrgba(179,211,211,0.76)\u00a0\u00bb width=\u00a0\u00bb100%\u00a0\u00bb min_height=\u00a0\u00bb6px\u00a0\u00bb custom_margin=\u00a0\u00bb||21px|||\u00a0\u00bb custom_padding=\u00a0\u00bb|18px|1px|8px||\u00a0\u00bb _i=\u00a0\u00bb1&Prime; _address=\u00a0\u00bb3.1.0.1&Prime;]\n<p class=\"_04xlpA direction-ltr align-center para-style-body\" style=\"text-align: center;\">\n<p style=\"text-align: center;\"><strong><span class=\"JsGRdQ\">Soin \u00e9nerg\u00e9tique et lib\u00e9ration des m\u00e9moires cellulaires contraignantes\u00a0 (accompagnement bref 4\/8 ou 12 s\u00e9ances selon la personne)\u00a0<\/span><\/strong><\/p>\n<p class=\"_04xlpA direction-ltr align-justify para-style-body\" style=\"text-align: center;\"><span class=\"JsGRdQ\">S\u00e9ances de d\u00e9codage et de r\u00e9information de la m\u00e9moire cellulaire<\/span><\/p>\n<p class=\"_04xlpA direction-ltr align-justify para-style-body\" style=\"text-align: center;\"><span class=\"JsGRdQ\">Allong\u00e9(e) dans un cocon,\u00a0<\/span><span>vous transmutez les informations inscrites dans les cellules de votre corps, comme les blessures anciennes, les programmes limitants, les sch\u00e9mas r\u00e9p\u00e9titifs, les m\u00e9moires transg\u00e9n\u00e9rationnelles&#8230;<\/span><\/p>\n<p class=\"_04xlpA direction-ltr align-justify para-style-body\" style=\"text-align: center;\"><span>= Relancer votre \u00e9nergie de vie originelle<\/span><span style=\"font-size: 14px; text-align: left;\">\u00a0<\/span><\/p>\n<p class=\"_04xlpA direction-ltr align-justify para-style-body\" style=\"text-align: center;\"><span class=\"JsGRdQ\">1H30<\/span><\/p>\n<p class=\"_04xlpA direction-ltr align-justify para-style-body\" style=\"text-align: center;\"><span class=\"JsGRdQ\"><\/span><\/p>\n[\/et_pb_text][et_pb_button button_url=\u00a0\u00bbhttps:\/\/isais.live\/index.php\/memoire-cellulaire\/\u00a0\u00bb button_text=\u00a0\u00bbD\u00e9couvrir ICI\u00a0\u00bb button_alignment=\u00a0\u00bbcenter\u00a0\u00bb _builder_version=\u00a0\u00bb3.29.3&Prime; custom_button=\u00a0\u00bbon\u00a0\u00bb button_text_color=\u00a0\u00bb#50525a\u00a0\u00bb button_border_radius=\u00a0\u00bb7px\u00a0\u00bb button_font=\u00a0\u00bbMontserrat||||||||\u00a0\u00bb _i=\u00a0\u00bb2&Prime; _address=\u00a0\u00bb3.1.0.2&Prime;][\/et_pb_button][\/et_pb_column][et_pb_column type=\u00a0\u00bb1_3&Prime; _builder_version=\u00a0\u00bb3.29.3&Prime; _i=\u00a0\u00bb1&Prime; _address=\u00a0\u00bb3.1.1&Prime;][et_pb_image src=\u00a0\u00bbhttps:\/\/isais.live\/wp-content\/uploads\/2021\/10\/aroma-1.jpg\u00a0\u00bb _builder_version=\u00a0\u00bb3.29.3&Prime; _i=\u00a0\u00bb0&Prime; _address=\u00a0\u00bb3.1.1.0&Prime;][\/et_pb_image][et_pb_text _builder_version=\u00a0\u00bb3.29.3&Prime; text_font=\u00a0\u00bbMontserrat||||||||\u00a0\u00bb background_color=\u00a0\u00bbrgba(179,211,211,0.76)\u00a0\u00bb width=\u00a0\u00bb100%\u00a0\u00bb min_height=\u00a0\u00bb44px\u00a0\u00bb custom_margin=\u00a0\u00bb|2px|21px|||\u00a0\u00bb custom_padding=\u00a0\u00bb|18px|9px|8px||\u00a0\u00bb _i=\u00a0\u00bb1&Prime; _address=\u00a0\u00bb3.1.1.1&Prime;]\n<p class=\"_04xlpA direction-ltr align-center para-style-body\" style=\"text-align: center;\"><strong style=\"font-size: 14px;\"><span class=\"JsGRdQ\"><\/span><\/strong><\/p>\n<p class=\"_04xlpA direction-ltr align-center para-style-body\" style=\"text-align: center;\"><strong style=\"font-size: 14px;\"><span class=\"JsGRdQ\">Lecture d&rsquo;\u00e2me et\u00a0 soin \u00e9nerg\u00e9tique aux huiles essentielles<\/span><\/strong><\/p>\n<p class=\"_04xlpA direction-ltr align-center para-style-body\" style=\"text-align: center;\">3 \u00e9tapes :<\/p>\n<p class=\"_04xlpA direction-ltr align-center para-style-body\" style=\"text-align: center;\"><span class=\"JsGRdQ\">Tirage de l&rsquo;oracle druidique : 3 plantes choisies par vos soins vous livrent un message d&rsquo;aide en lien avec votre d\u00e9sir profond = <strong>Prise de conscience<\/strong><\/span><\/p>\n<p class=\"_04xlpA direction-ltr align-center para-style-body\" style=\"text-align: center;\"><span class=\"JsGRdQ\">R\u00e9alisation d&rsquo;un Elixir aux huiles essentielles en spray \u00e0 respirer avec vos 3 plantes m\u00e9dicinales choisies\u00a0 sur mesure = <strong>Evolution<\/strong><\/span><\/p>\n<p class=\"_04xlpA direction-ltr align-center para-style-body\" style=\"text-align: center;\"><span class=\"JsGRdQ\"><strong><span>Soin \u00e9nerg\u00e9tique et harmonisation des chakras accompagn\u00e9s de l&rsquo;olfaction\u00a0 = <\/span>D\u00e9tente et Harmonisation 1H<\/strong><\/span><\/p>\n[\/et_pb_text][et_pb_button button_url=\u00a0\u00bbhttps:\/\/isais.live\/index.php\/soins-aromatherapie\/\u00a0\u00bb button_text=\u00a0\u00bbD\u00e9couvrir ICI\u00a0\u00bb button_alignment=\u00a0\u00bbcenter\u00a0\u00bb _builder_version=\u00a0\u00bb3.29.3&Prime; custom_button=\u00a0\u00bbon\u00a0\u00bb button_text_color=\u00a0\u00bb#50525a\u00a0\u00bb button_border_radius=\u00a0\u00bb7px\u00a0\u00bb button_font=\u00a0\u00bbMontserrat||||||||\u00a0\u00bb _i=\u00a0\u00bb2&Prime; _address=\u00a0\u00bb3.1.1.2&Prime;][\/et_pb_button][\/et_pb_column][et_pb_column type=\u00a0\u00bb1_3&Prime; _builder_version=\u00a0\u00bb3.29.3&Prime; _i=\u00a0\u00bb2&Prime; _address=\u00a0\u00bb3.1.2&Prime;][et_pb_image src=\u00a0\u00bbhttps:\/\/isais.live\/wp-content\/uploads\/2021\/10\/cosmetique.jpg\u00a0\u00bb _builder_version=\u00a0\u00bb3.29.3&Prime; _i=\u00a0\u00bb0&Prime; _address=\u00a0\u00bb3.1.2.0&Prime;][\/et_pb_image][et_pb_text _builder_version=\u00a0\u00bb3.29.3&Prime; text_font=\u00a0\u00bbMontserrat||||||||\u00a0\u00bb background_color=\u00a0\u00bbrgba(179,211,211,0.76)\u00a0\u00bb width=\u00a0\u00bb100%\u00a0\u00bb min_height=\u00a0\u00bb6px\u00a0\u00bb custom_margin=\u00a0\u00bb||21px|||\u00a0\u00bb custom_padding=\u00a0\u00bb|18px|34px|8px||\u00a0\u00bb _i=\u00a0\u00bb1&Prime; _address=\u00a0\u00bb3.1.2.1&Prime;]\n<p class=\"_04xlpA direction-ltr align-center para-style-body\" style=\"text-align: center;\"><strong style=\"font-size: 14px;\"><span class=\"JsGRdQ\"><\/span><\/strong><\/p>\n<p class=\"_04xlpA direction-ltr align-center para-style-body\" style=\"text-align: center;\"><strong style=\"font-size: 14px;\"><span class=\"JsGRdQ\">Atelier cosm\u00e9tique sur mesure :<\/span><\/strong><\/p>\n<p class=\"_04xlpA direction-ltr align-center para-style-body\" style=\"text-align: center;\"><span class=\"JsGRdQ\">En s\u00e9ance individuelle et personnalis\u00e9, apprenez \u00e0 faire vos produits de soin 100% naturel<\/span><span style=\"font-size: 14px; text-align: left;\">\u00a0<\/span><\/p>\n<p class=\"_04xlpA direction-ltr align-center para-style-body\" style=\"text-align: center;\"><span class=\"JsGRdQ white-space-prewrap\"><\/span><span class=\"JsGRdQ\">Diagnostic de peau et votre rituel beaut\u00e9 en d\u00e9tail<\/span><span class=\"JsGRdQ\">\u00a0<\/span><span style=\"font-size: 14px; text-align: left;\">\u00a0<\/span><\/p>\n<p class=\"_04xlpA direction-ltr align-center para-style-body\" style=\"text-align: center;\"><span class=\"JsGRdQ\">Liste des produits d\u00e9sir\u00e9s avec choix des plantes m\u00e9dicinales adapt\u00e9es \u00e0 votre peau et votre affinit\u00e9\u00a0<\/span><span style=\"font-size: 14px; text-align: left;\">\u00a0<\/span><\/p>\n<p class=\"_04xlpA direction-ltr align-center para-style-body\" style=\"text-align: center;\"><span class=\"JsGRdQ\">Je vous guide dans la r\u00e9alisation des produits de soin de votre choix\u00a0<\/span><span style=\"font-size: 14px; text-align: left;\">\u00a0<\/span><span style=\"font-size: 14px; text-align: left;\">\u00a0<\/span><\/p>\n<p class=\"_04xlpA direction-ltr align-center para-style-body\" style=\"text-align: center;\"><span style=\"font-size: 14px; text-align: left;\"><\/span><\/p>\n[\/et_pb_text][et_pb_button button_url=\u00a0\u00bbhttps:\/\/isais.live\/index.php\/2024\/05\/13\/atelier-cosmetique-naturelle\/\u00a0\u00bb button_text=\u00a0\u00bbD\u00e9couvrir ICI\u00a0\u00bb button_alignment=\u00a0\u00bbcenter\u00a0\u00bb _builder_version=\u00a0\u00bb3.29.3&Prime; custom_button=\u00a0\u00bbon\u00a0\u00bb button_text_color=\u00a0\u00bb#50525a\u00a0\u00bb button_border_radius=\u00a0\u00bb7px\u00a0\u00bb button_font=\u00a0\u00bbMontserrat||||||||\u00a0\u00bb _i=\u00a0\u00bb2&Prime; _address=\u00a0\u00bb3.1.2.2&Prime;][\/et_pb_button][\/et_pb_column][\/et_pb_row][\/et_pb_section]\n","protected":false},"excerpt":{"rendered":"<p>[et_pb_section fb_built=\u00a0\u00bb1&Prime; _builder_version=\u00a0\u00bb3.29.3&Prime; custom_margin=\u00a0\u00bb0px||0px||false|false\u00a0\u00bb custom_padding=\u00a0\u00bb0px||0px||false|false\u00a0\u00bb border_width_all=\u00a0\u00bb1px\u00a0\u00bb border_width_top=\u00a0\u00bb0px\u00a0\u00bb border_width_right=\u00a0\u00bb0px\u00a0\u00bb border_color_bottom=\u00a0\u00bb#d3d3d3&Prime; border_width_left=\u00a0\u00bb0px\u00a0\u00bb border_color_left=\u00a0\u00bb#eeeeee\u00a0\u00bb fb_built=\u00a0\u00bb1&Prime; _i=\u00a0\u00bb0&Prime; _address=\u00a0\u00bb0&Prime;][et_pb_row _builder_version=\u00a0\u00bb3.29.3&Prime; custom_margin=\u00a0\u00bb0px||0px||false|false\u00a0\u00bb custom_padding=\u00a0\u00bb19px||0px||false|false\u00a0\u00bb _i=\u00a0\u00bb0&Prime; _address=\u00a0\u00bb0.0&Prime;][et_pb_column type=\u00a0\u00bb4_4&Prime; _builder_version=\u00a0\u00bb3.29.3&Prime; _i=\u00a0\u00bb0&Prime; _address=\u00a0\u00bb0.0.0&Prime;][et_pb_code _builder_version=\u00a0\u00bb3.29.3&Prime; _i=\u00a0\u00bb0&Prime; _address=\u00a0\u00bb0.0.0.0&Prime;][\/et_pb_code][\/et_pb_column][\/et_pb_row][\/et_pb_section][et_pb_section fb_built=\u00a0\u00bb1&Prime; admin_label=\u00a0\u00bbsection\u00a0\u00bb _builder_version=\u00a0\u00bb3.29.3&Prime; min_height=\u00a0\u00bb382px\u00a0\u00bb custom_padding=\u00a0\u00bb2px||5px|||\u00a0\u00bb fb_built=\u00a0\u00bb1&Prime; _i=\u00a0\u00bb1&Prime; _address=\u00a0\u00bb1&Prime;][et_pb_row _builder_version=\u00a0\u00bb3.29.3&Prime; width=\u00a0\u00bb100%\u00a0\u00bb max_width=\u00a0\u00bb2560px\u00a0\u00bb custom_padding=\u00a0\u00bb||0px|||\u00a0\u00bb _i=\u00a0\u00bb0&Prime; _address=\u00a0\u00bb1.0&Prime;][et_pb_column type=\u00a0\u00bb4_4&Prime; _builder_version=\u00a0\u00bb3.29.3&Prime; _i=\u00a0\u00bb0&Prime; _address=\u00a0\u00bb1.0.0&Prime;][et_pb_image src=\u00a0\u00bbhttps:\/\/isais.live\/wp-content\/uploads\/2023\/11\/yourte-PATCHWORK.jpg\u00a0\u00bb align=\u00a0\u00bbcenter\u00a0\u00bb _builder_version=\u00a0\u00bb3.29.3&Prime; _i=\u00a0\u00bb0&Prime; _address=\u00a0\u00bb1.0.0.0&Prime;][\/et_pb_image][\/et_pb_column][\/et_pb_row][\/et_pb_section][et_pb_section fb_built=\u00a0\u00bb1&Prime; admin_label=\u00a0\u00bbsection\u00a0\u00bb _builder_version=\u00a0\u00bb3.29.3&Prime; min_height=\u00a0\u00bb382px\u00a0\u00bb custom_padding=\u00a0\u00bb2px||5px|||\u00a0\u00bb fb_built=\u00a0\u00bb1&Prime; [&hellip;]<\/p>\n","protected":false},"author":1,"featured_media":0,"parent":0,"menu_order":0,"comment_status":"closed","ping_status":"closed","template":"","meta":{"_et_pb_use_builder":"on","_et_pb_old_content":"<!-- wp:paragraph -->\n<p>Ceci est une page d\u2019exemple. C\u2019est diff\u00e9rent d\u2019un article de blog parce qu\u2019elle restera au m\u00eame endroit et appara\u00eetra dans la navigation de votre site (dans la plupart des th\u00e8mes). La plupart des gens commencent par une page \u00ab\u00a0\u00c0 propos\u00a0\u00bb qui les pr\u00e9sente aux personnes visitant du site. Cela pourrait ressembler \u00e0 quelque chose comme cela\u00a0:<\/p>\n<!-- \/wp:paragraph -->\n\n<!-- wp:quote -->\n<blockquote class=\"wp-block-quote\"><p>Bonjour\u00a0! Je suis un m\u00e9canicien qui aspire \u00e0 devenir acteur, et voici mon site. J\u2019habite \u00e0 Bordeaux, j\u2019ai un super chien baptis\u00e9 Russell, et j\u2019aime la vodka (ainsi qu\u2019\u00eatre surpris par la pluie soudaine lors de longues balades sur la plage au coucher du soleil).<\/p><\/blockquote>\n<!-- \/wp:quote -->\n\n<!-- wp:paragraph -->\n<p>\u2026ou quelque chose comme cela\u00a0:<\/p>\n<!-- \/wp:paragraph -->\n\n<!-- wp:quote -->\n<blockquote class=\"wp-block-quote\"><p>La soci\u00e9t\u00e9 123 Machin Truc a \u00e9t\u00e9 cr\u00e9\u00e9e en 1971, et n\u2019a cess\u00e9 de proposer au public des machins-trucs de qualit\u00e9 depuis lors. Situ\u00e9e \u00e0 Saint-Remy-en-Bouzemont-Saint-Genest-et-Isson, 123 Machin Truc emploie 2 000 personnes, et fabrique toutes sortes de bidules supers pour la communaut\u00e9 bouzemontoise.<\/p><\/blockquote>\n<!-- \/wp:quote -->\n\n<!-- wp:paragraph -->\n<p>En tant que nouvel utilisateur ou utilisatrice de WordPress, vous devriez vous rendre sur <a href=\"http:\/\/permaconcept.fr\/wp-admin\/\">votre tableau de bord<\/a> pour supprimer cette page et cr\u00e9er de nouvelles pages pour votre contenu. Amusez-vous bien\u00a0!<\/p>\n<!-- \/wp:paragraph -->","footnotes":""},"class_list":["post-2","page","type-page","status-publish","hentry"],"_links":{"self":[{"href":"https:\/\/isais.live\/index.php\/wp-json\/wp\/v2\/pages\/2","targetHints":{"allow":["GET"]}}],"collection":[{"href":"https:\/\/isais.live\/index.php\/wp-json\/wp\/v2\/pages"}],"about":[{"href":"https:\/\/isais.live\/index.php\/wp-json\/wp\/v2\/types\/page"}],"author":[{"embeddable":true,"href":"https:\/\/isais.live\/index.php\/wp-json\/wp\/v2\/users\/1"}],"replies":[{"embeddable":true,"href":"https:\/\/isais.live\/index.php\/wp-json\/wp\/v2\/comments?post=2"}],"version-history":[{"count":122,"href":"https:\/\/isais.live\/index.php\/wp-json\/wp\/v2\/pages\/2\/revisions"}],"predecessor-version":[{"id":1559,"href":"https:\/\/isais.live\/index.php\/wp-json\/wp\/v2\/pages\/2\/revisions\/1559"}],"wp:attachment":[{"href":"https:\/\/isais.live\/index.php\/wp-json\/wp\/v2\/media?parent=2"}],"curies":[{"name":"wp","href":"https:\/\/api.w.org\/{rel}","templated":true}]}}