{"id":1401,"date":"2025-02-03T19:13:03","date_gmt":"2025-02-03T18:13:03","guid":{"rendered":"https:\/\/isais.live\/?page_id=1401"},"modified":"2025-09-24T14:14:05","modified_gmt":"2025-09-24T12:14:05","slug":"stage-alchimie-des-principes-masculin-feminin","status":"publish","type":"page","link":"https:\/\/isais.live\/index.php\/stage-alchimie-des-principes-masculin-feminin\/","title":{"rendered":"STAGE ALCHIMIE DES PRINCIPES MASCULIN &amp; FEMININ"},"content":{"rendered":"[et_pb_section fb_built=\u00a0\u00bb1&Prime; _builder_version=\u00a0\u00bb3.29.3&Prime; custom_margin=\u00a0\u00bb0px||0px||false|false\u00a0\u00bb custom_padding=\u00a0\u00bb0px||0px||false|false\u00a0\u00bb border_width_all=\u00a0\u00bb1px\u00a0\u00bb border_width_top=\u00a0\u00bb0px\u00a0\u00bb border_width_right=\u00a0\u00bb0px\u00a0\u00bb border_color_bottom=\u00a0\u00bb#d3d3d3&Prime; border_width_left=\u00a0\u00bb0px\u00a0\u00bb border_color_left=\u00a0\u00bb#eeeeee\u00a0\u00bb fb_built=\u00a0\u00bb1&Prime; _i=\u00a0\u00bb0&Prime; _address=\u00a0\u00bb0&Prime;][et_pb_row _builder_version=\u00a0\u00bb3.29.3&Prime; custom_margin=\u00a0\u00bb0px||0px||false|false\u00a0\u00bb custom_padding=\u00a0\u00bb19px||0px||false|false\u00a0\u00bb _i=\u00a0\u00bb0&Prime; _address=\u00a0\u00bb0.0&Prime;][et_pb_column type=\u00a0\u00bb4_4&Prime; _builder_version=\u00a0\u00bb3.29.3&Prime; _i=\u00a0\u00bb0&Prime; _address=\u00a0\u00bb0.0.0&Prime;][et_pb_code _builder_version=\u00a0\u00bb3.29.3&Prime; _i=\u00a0\u00bb0&Prime; _address=\u00a0\u00bb0.0.0.0&Prime;]<ul id=\"menu-principal\" class=\"menu nav top-menu\"><li id=\"menu-item-64\" class=\"menu-item menu-item-type-post_type menu-item-object-page menu-item-home menu-item-64\"><a href=\"https:\/\/isais.live\/\">Accueil<\/a><\/li>\n<li id=\"menu-item-457\" class=\"menu-item menu-item-type-post_type menu-item-object-page menu-item-457\"><a href=\"https:\/\/isais.live\/index.php\/qui-suis-je\/\">Qui suis-je?<\/a><\/li>\n<li id=\"menu-item-65\" class=\"menu-item menu-item-type-post_type menu-item-object-page menu-item-65\"><a href=\"https:\/\/isais.live\/index.php\/memoire-cellulaire\/\">Consultation en individuel<\/a><\/li>\n<li id=\"menu-item-1439\" class=\"menu-item menu-item-type-post_type menu-item-object-page menu-item-1439\"><a href=\"https:\/\/isais.live\/index.php\/stage-alchimie-des-principes-masculin-feminin\/\">STAGE ALCHIMIE DES PRINCIPES MASCULIN &amp; FEMININ<\/a><\/li>\n<li id=\"menu-item-892\" class=\"menu-item menu-item-type-post_type menu-item-object-page menu-item-892\"><a href=\"https:\/\/isais.live\/index.php\/formation-methode-pgl\/\">Formation professionnelle compl\u00e8te<\/a><\/li>\n<li id=\"menu-item-834\" class=\"menu-item menu-item-type-post_type menu-item-object-page menu-item-834\"><a href=\"https:\/\/isais.live\/index.php\/temoignages\/\">T\u00e9moignages<\/a><\/li>\n<\/ul>[\/et_pb_code][\/et_pb_column][\/et_pb_row][\/et_pb_section][et_pb_section fb_built=\u00a0\u00bb1&Prime; next_background_color=\u00a0\u00bb#ffffff\u00a0\u00bb _builder_version=\u00a0\u00bb3.29.3&Prime; background_color=\u00a0\u00bb#e09900&Prime; use_background_color_gradient=\u00a0\u00bbon\u00a0\u00bb background_image=\u00a0\u00bbhttps:\/\/isais.live\/wp-content\/uploads\/2025\/02\/ALCHIMIE-DES-ENERGIES-FeMININES-MASCULINES2.png\u00a0\u00bb parallax=\u00a0\u00bbon\u00a0\u00bb min_height=\u00a0\u00bb239px\u00a0\u00bb custom_margin=\u00a0\u00bb||30px|||\u00a0\u00bb custom_padding=\u00a0\u00bb||1px|||\u00a0\u00bb bottom_divider_style=\u00a0\u00bbcurve2&Prime; fb_built=\u00a0\u00bb1&Prime; _i=\u00a0\u00bb1&Prime; _address=\u00a0\u00bb1&Prime;][et_pb_row _builder_version=\u00a0\u00bb3.29.3&Prime; _i=\u00a0\u00bb0&Prime; _address=\u00a0\u00bb1.0&Prime;][et_pb_column type=\u00a0\u00bb4_4&Prime; _builder_version=\u00a0\u00bb3.29.3&Prime; _i=\u00a0\u00bb0&Prime; _address=\u00a0\u00bb1.0.0&Prime;][et_pb_image src=\u00a0\u00bbhttps:\/\/isais.live\/wp-content\/uploads\/2025\/09\/2.png\u00a0\u00bb _builder_version=\u00a0\u00bb3.29.3&Prime; hover_enabled=\u00a0\u00bb0&Prime; _i=\u00a0\u00bb0&Prime; _address=\u00a0\u00bb1.0.0.0&Prime;][\/et_pb_image][\/et_pb_column][\/et_pb_row][\/et_pb_section][et_pb_section fb_built=\u00a0\u00bb1&Prime; next_background_color=\u00a0\u00bb#000000&Prime; _builder_version=\u00a0\u00bb3.29.3&Prime; background_color=\u00a0\u00bb#ffffff\u00a0\u00bb custom_margin=\u00a0\u00bb||37px|||\u00a0\u00bb custom_padding=\u00a0\u00bb||130px|||\u00a0\u00bb bottom_divider_style=\u00a0\u00bbwave2&Prime; fb_built=\u00a0\u00bb1&Prime; _i=\u00a0\u00bb2&Prime; _address=\u00a0\u00bb2&Prime;][et_pb_row _builder_version=\u00a0\u00bb3.29.3&Prime; min_height=\u00a0\u00bb504px\u00a0\u00bb custom_margin=\u00a0\u00bb-2px|auto||auto||\u00a0\u00bb custom_padding=\u00a0\u00bb||0px|||\u00a0\u00bb _i=\u00a0\u00bb0&Prime; _address=\u00a0\u00bb2.0&Prime;][et_pb_column type=\u00a0\u00bb4_4&Prime; _builder_version=\u00a0\u00bb3.29.3&Prime; _i=\u00a0\u00bb0&Prime; _address=\u00a0\u00bb2.0.0&Prime;][et_pb_text _builder_version=\u00a0\u00bb3.29.3&Prime; text_font=\u00a0\u00bbMontserrat||||||||\u00a0\u00bb header_font=\u00a0\u00bbMontserrat||||||||\u00a0\u00bb custom_margin=\u00a0\u00bb||31px|||\u00a0\u00bb custom_padding=\u00a0\u00bb0px||32px|||\u00a0\u00bb inline_fonts=\u00a0\u00bbMontserrat,Montserrat Alternates\u00a0\u00bb _i=\u00a0\u00bb0&Prime; _address=\u00a0\u00bb2.0.0.0&Prime;]\n<p style=\"text-align: center;\"><span style=\"font-family: Montserrat; font-weight: normal; font-size: x-large;\">\u2728 <span style=\"font-size: large;\">RENCONTREZ VOS \u00c9NERGIES F\u00c9MININES &amp; MASCULINES<\/span><strong>\u2728<\/strong><\/span><\/p>\n<p style=\"text-align: center;\"><span style=\"font-family: Montserrat; font-weight: normal; font-size: x-large;\"><strong><\/strong><\/span><\/p>\n<p style=\"text-align: center;\"><span style=\"font-family: Montserrat; font-weight: normal; font-size: x-large;\"><strong>Voyage olfactif au C\u0153ur de vos Polarit\u00e9s :<\/strong><\/span><\/p>\n<p style=\"text-align: center;\"><span style=\"font-family: Montserrat; font-weight: normal; font-size: x-large;\"><strong> <span style=\"font-family: Montserrat; font-weight: normal; font-size: large;\">\u2640\ufe0f\u2642\ufe0f <\/span>R\u00e9conciliez et Unissez le Masculin et le F\u00e9minin en Vous <span style=\"font-family: Montserrat; font-weight: normal; font-size: large;\">\u2640\ufe0f\u2642\ufe0f<\/span><\/strong><\/span><\/p>\n<p style=\"text-align: center;\"><span style=\"font-family: Montserrat; font-weight: normal; font-size: x-large;\"><\/span><\/p>\n<p style=\"text-align: center;\"><span style=\"font-size: x-large;\"> \ud83d\udc96Ouvert aux hommes et aux femmes \ud83d\udc96<\/span><\/p>\n<p>&nbsp;<\/p>\n<div class=\"x11i5rnm xat24cr xtlvy1s x1mh8g0r x1vvkbs\"><\/div>\n<div class=\"x11i5rnm xat24cr xtlvy1s x1mh8g0r x1vvkbs\"><\/div>\n<h2 class=\"x11i5rnm xat24cr xtlvy1s x1mh8g0r x1vvkbs\"><\/h2>\n<h2 class=\"x11i5rnm xat24cr xtlvy1s x1mh8g0r x1vvkbs\"><\/h2>\n<h2 class=\"x11i5rnm xat24cr xtlvy1s x1mh8g0r x1vvkbs\"><span class=\"x1kky2od xlup9mm xgzva0m xdj266r x1j61x8r x3nfvp2 x1fcty0u xhhsvwb xat24cr xxymvpz\"><\/span><span style=\"color: #000000;\">Les outils utilis\u00e9s sont :<\/span><\/h2>\n<p><span style=\"color: #100f0f; font-size: 15px;\">\ud83d\udc96 Guidance \u00e0 travers des m\u00e9ditations guid\u00e9es et des soins \u00e9nerg\u00e9tiques profonds<\/span>\u00a0<\/p>\n<p><span style=\"color: #100f0f; font-size: 15px;\">\ud83c\udf31 Voyage olfactif avec les huiles essentielles pour \u00e9veiller et harmoniser vos polarit\u00e9s int\u00e9rieures<\/span>\u00a0<\/p>\n<p><span style=\"color: #100f0f; font-size: 15px;\">\ud83e\uddec Lib\u00e9ration des m\u00e9moires cellulaires perturbatrices gr\u00e2ce \u00e0 des techniques puissantes et \u00e9prouv\u00e9es<\/span><\/p>\n<p>\u00a0\u00a0<span style=\"color: #100f0f; font-size: 13px;\"><i>Il n&rsquo;y a pas de pratique nu ni de toucher\/massage entre participant<\/i><\/span><\/p>\n<h2 class=\"x11i5rnm xat24cr xtlvy1s x1mh8g0r x1vvkbs\"><span style=\"color: #000000;\">Les th\u00e8mes abord\u00e9s sont :<\/span><\/h2>\n<p><span style=\"color: #000000;\"><\/span><\/p>\n<p><span style=\"color: #100f0f; font-size: 15px;\">\u2640\ufe0f\u2642\ufe0f Ressentir son Principe F\u00e9minin et Masculin\u00a0<span dir=\"auto\" class=\"xdmh292 x15dsfln x140p0ai x1gufx9m x1s928wv xhkezso x1gmr53x x1cpjm7i x1fgarty x1943h6x x193iq5w xeuugli x13faqbe x1vvkbs x1lliihq xzsf02u xlh3980 xvmahel x1x9mg3 xo1l8bm\" style=\"--x-fontsize: 15px; --x-lineheight: 19.6421px; --x-8dd7yt: -0.3085em; --x-hxtmnb: -0.2915em;\">en soi, ses qualit\u00e9s <\/span><\/span><\/p>\n<p><span style=\"color: #100f0f; font-size: 15px;\"><span dir=\"auto\" class=\"xdmh292 x15dsfln x140p0ai x1gufx9m x1s928wv xhkezso x1gmr53x x1cpjm7i x1fgarty x1943h6x x193iq5w xeuugli x13faqbe x1vvkbs x1lliihq xzsf02u xlh3980 xvmahel x1x9mg3 xo1l8bm\" style=\"--x-fontsize: 15px; --x-lineheight: 19.6421px; --x-8dd7yt: -0.3085em; --x-hxtmnb: -0.2915em;\"><span class=\"html-span xexx8yu xyri2b x18d9i69 x1c1uobl x1hl2dhg x16tdsg8 x1vvkbs x3nfvp2 x1j61x8r x1fcty0u xdj266r xat24cr xm2jcoa x1mpyi22 xxymvpz xlup9mm x1kky2od\"><img loading=\"lazy\" decoding=\"async\" height=\"16\" width=\"16\" class=\"xz74otr x15mokao x1ga7v0g x16uus16 xbiv7yw\" alt=\"\ud83d\udca7\" referrerpolicy=\"origin-when-cross-origin\" src=\"https:\/\/static.xx.fbcdn.net\/images\/emoji.php\/v9\/te1\/2\/16\/1f4a7.png\" \/><\/span>\u00a0 \u00a0 \u00a0 \u00a0Explorer ses forces compl\u00e9mentaires : le Yin et le Yang, l\u2019intuition et l\u2019action, la douceur et la structure<\/span><\/span><\/p>\n<p><span style=\"color: #100f0f; font-size: 15px;\">\ud83d\udd13\u00a0 \u00a0 \u00a0 Evaluer les blocages en cours, les masques qui freinent leur expressions<\/span><\/p>\n<p><span style=\"color: #100f0f; font-size: 15px;\">\u00a0\ud83d\udc96\u00a0 \u00a0 Se r<span style=\"color: #000000;\">econnecter \u00e0 toutes les qualit\u00e9s de notre essence int\u00e9rieure f\u00e9minines et masculines <\/span><\/span><\/p>\n<p><span style=\"color: #100f0f; font-size: 15px;\"><span style=\"color: #000000;\"><span class=\"x1kky2od xlup9mm xgzva0m xdj266r x1j61x8r x3nfvp2 x1fcty0u xhhsvwb xat24cr xxymvpz\"><img loading=\"lazy\" decoding=\"async\" height=\"16\" width=\"16\" alt=\"\ud83c\udf3a\" referrerpolicy=\"origin-when-cross-origin\" src=\"https:\/\/static.xx.fbcdn.net\/images\/emoji.php\/v9\/t99\/1\/16\/1f33a.png\" class=\"\" \/><\/span>\u00a0 \u00a0 \u00a0 Couple int\u00e9rieur YIN YANG versus relations ext\u00e9rieures <\/span><\/span><\/p>\n<p><span style=\"color: #100f0f; font-size: 15px;\">\ud83d\udd13\u00a0 \u00a0 \u00a0Lib\u00e9ration des fardeaux transg\u00e9n\u00e9rationnelles et karmiques , des sch\u00e9mas r\u00e9p\u00e9titifs et croyances limitantes<\/span>\u00a0<\/p>\n<p><span style=\"color: #100f0f; font-size: 15px;\">\ud83d\udd3a\u00a0 \u00a0 \u00a0Sortir du Triangle dramatique de Karpman\u00a0<\/span><span style=\"color: #100f0f; font-size: 15px;\"> <\/span><span style=\"color: #100f0f; font-size: 15px;\">\u00a0<\/span><\/p>\n<p><span style=\"font-size: large;\"><\/span><\/p>\n<p style=\"text-align: center;\"><strong><\/strong><\/p>\n<p style=\"text-align: center;\"><strong>\ud83d\ude80 PLACES LIMIT\u00c9ES \u2013 R\u00c9SERVATION OBLIGATOIRE<\/strong><\/p>\n<p><strong>R\u00e9servez votre place<\/strong> d\u00e8s maintenant par t\u00e9l\u00e9phone et rejoignez-nous pour ce voyage de transformation. Nathalie Chauvel: 06 38 42 25 42\u00a0<\/p>\n[\/et_pb_text][et_pb_text _builder_version=\u00a0\u00bb3.29.3&Prime; text_font=\u00a0\u00bbMontserrat||||||||\u00a0\u00bb header_font=\u00a0\u00bbMontserrat||||||||\u00a0\u00bb custom_margin=\u00a0\u00bb-18px||36px|||\u00a0\u00bb custom_padding=\u00a0\u00bb1px||32px|||\u00a0\u00bb border_radii=\u00a0\u00bbon|5px|5px|5px|5px\u00a0\u00bb _i=\u00a0\u00bb1&Prime; _address=\u00a0\u00bb2.0.0.1&Prime;]\n<div class=\"x11i5rnm xat24cr xtlvy1s x1mh8g0r x1vvkbs\" style=\"text-align: center;\">\n<div class=\"x11i5rnm xat24cr xtlvy1s x1mh8g0r x1vvkbs\"><\/div>\n<div class=\"x11i5rnm xat24cr xtlvy1s x1mh8g0r x1vvkbs\"><\/div>\n<div class=\"x11i5rnm xat24cr xtlvy1s x1mh8g0r x1vvkbs\">\ud83d\uddd3\u00a0<strong>Dates :<\/strong> <br class=\"\" \/>Le vendredi 28 novembre 17H30 19H45 et le dimanche 14 d\u00e9cembre 2025 14H 16H30<\/div>\n<div class=\"x11i5rnm xat24cr xtlvy1s x1mh8g0r x1vvkbs\"><br class=\"\" \/>\ud83d\udccdAdresse : Simiane Collongue<\/div>\n<div class=\"x11i5rnm xat24cr xtlvy1s x1mh8g0r x1vvkbs\"><\/div>\n<div class=\"x11i5rnm xat24cr xtlvy1s x1mh8g0r x1vvkbs\"><\/div>\n<div class=\"x11i5rnm xat24cr xtlvy1s x1mh8g0r x1vvkbs\"><\/div>\n<div class=\"x11i5rnm xat24cr xtlvy1s x1mh8g0r x1vvkbs\"><\/div>\n<div class=\"x11i5rnm xat24cr xtlvy1s x1mh8g0r x1vvkbs\"><\/div>\n<div class=\"x11i5rnm xat24cr xtlvy1s x1mh8g0r x1vvkbs\">Tarif :\u00a0 33 euros par atelier (possible d&rsquo;en faire qu un)<\/div>\n<div class=\"x11i5rnm xat24cr xtlvy1s x1mh8g0r x1vvkbs\">\u00a0<\/div>\n<div class=\"x11i5rnm xat24cr xtlvy1s x1mh8g0r x1vvkbs\"><\/div>\n<div class=\"x11i5rnm xat24cr xtlvy1s x1mh8g0r x1vvkbs\"><\/div>\n<\/div>\n[\/et_pb_text][\/et_pb_column][\/et_pb_row][et_pb_row _builder_version=\u00a0\u00bb3.29.3&Prime; _i=\u00a0\u00bb1&Prime; _address=\u00a0\u00bb2.1&Prime;][et_pb_column type=\u00a0\u00bb4_4&Prime; _builder_version=\u00a0\u00bb3.29.3&Prime; _i=\u00a0\u00bb0&Prime; _address=\u00a0\u00bb2.1.0&Prime;][et_pb_text _builder_version=\u00a0\u00bb3.29.3&Prime; _i=\u00a0\u00bb0&Prime; _address=\u00a0\u00bb2.1.0.0&Prime;]\n<p><span style=\"color: #000000;\"><span class=\"OYPEnA font-feature-liga-off font-feature-clig-off font-feature-calt-off text-decoration-none text-strikethrough-none\" style=\"color: #a6635b; font-weight: bold; font-style: normal; font-kerning: none; font-size: 1em;\">Un Voyage de Gu\u00e9rison pour comprendre et \u00e9quilibrer les r\u00f4les compl\u00e9mentaires des \u00e9nergies f\u00e9minines et masculines en vous<\/span><\/span><\/p>\n[\/et_pb_text][\/et_pb_column][\/et_pb_row][et_pb_row column_structure=\u00a0\u00bb1_2,1_2&Prime; _builder_version=\u00a0\u00bb3.29.3&Prime; width=\u00a0\u00bb78.7%\u00a0\u00bb min_height=\u00a0\u00bb504px\u00a0\u00bb custom_margin=\u00a0\u00bb0px|auto||auto||\u00a0\u00bb _i=\u00a0\u00bb3&Prime; _address=\u00a0\u00bb2.3&Prime;][et_pb_column type=\u00a0\u00bb1_2&Prime; _builder_version=\u00a0\u00bb3.29.3&Prime; _i=\u00a0\u00bb0&Prime; _address=\u00a0\u00bb2.3.0&Prime;][et_pb_image src=\u00a0\u00bbhttps:\/\/isais.live\/wp-content\/uploads\/2022\/10\/PGL-4.jpeg\u00a0\u00bb _builder_version=\u00a0\u00bb3.29.3&Prime; min_height=\u00a0\u00bb387px\u00a0\u00bb custom_padding=\u00a0\u00bb||2px|||\u00a0\u00bb hover_enabled=\u00a0\u00bb0&Prime; _i=\u00a0\u00bb0&Prime; _address=\u00a0\u00bb2.3.0.0&Prime;][\/et_pb_image][\/et_pb_column][et_pb_column type=\u00a0\u00bb1_2&Prime; _builder_version=\u00a0\u00bb3.29.3&Prime; _i=\u00a0\u00bb1&Prime; _address=\u00a0\u00bb2.3.1&Prime;][et_pb_text _builder_version=\u00a0\u00bb3.29.3&Prime; text_font=\u00a0\u00bbMontserrat||||||||\u00a0\u00bb header_font=\u00a0\u00bbMontserrat||||||||\u00a0\u00bb custom_padding=\u00a0\u00bb0px|||||\u00a0\u00bb _i=\u00a0\u00bb0&Prime; _address=\u00a0\u00bb2.3.1.0&Prime;]\n<p>Si vous souhaitez atteindre au moins un des objectifs suivants, alors ce stage est fait pour vous : \ud83d\ude4c<\/p>\n<p>\ud83c\udf38 Prendre conscience des \u00e9nergies masculines et f\u00e9minines dysfonctionnelles qui surgissent dans certaines situations, et comprendre leur impact sur vos relations : amoureuses, familiales, amicales et professionnelles. Une relation saine avec votre Couple int\u00e9rieur = Une relation saine avec les autres \u00e0 l&rsquo;ext\u00e9rieur.<\/p>\n<p>\ud83d\udcab Identifier les blocages qui vous emp\u00eachent de prendre pleinement votre place et de vivre votre vie dans toute sa puissance et sa libert\u00e9.<\/p>\n<p>\ud83c\udf38 Comprendre pourquoi vous attirez toujours le m\u00eame type de partenaire, ou pourquoi vous ne vivez pas la relation que vous d\u00e9sirez, ou encore pourquoi il vous est difficile d&rsquo;\u00e9tablir des relations profondes et significatives.<\/p>\n<p>\ud83d\udcab Lib\u00e9rer les blocages qui peuvent se manifester par une difficult\u00e9 \u00e0 passer \u00e0 l\u2019action, un sentiment d\u2019impuissance, un manque de respect envers soi-m\u00eame, une faible estime de soi, ou une impression de ne jamais \u00eatre \u00e0 la hauteur des attentes.<\/p>\n[\/et_pb_text][\/et_pb_column][\/et_pb_row][et_pb_row column_structure=\u00a0\u00bb1_2,1_2&Prime; _builder_version=\u00a0\u00bb3.29.3&Prime; width=\u00a0\u00bb78.7%\u00a0\u00bb min_height=\u00a0\u00bb504px\u00a0\u00bb custom_margin=\u00a0\u00bb0px|auto||auto||\u00a0\u00bb hover_enabled=\u00a0\u00bb0&Prime; _i=\u00a0\u00bb4&Prime; _address=\u00a0\u00bb2.4&Prime;][et_pb_column type=\u00a0\u00bb1_2&Prime; _builder_version=\u00a0\u00bb3.29.3&Prime; _i=\u00a0\u00bb0&Prime; _address=\u00a0\u00bb2.4.0&Prime;][et_pb_image src=\u00a0\u00bbhttps:\/\/isais.live\/wp-content\/uploads\/2025\/09\/LaShootingBox_0.jpg\u00a0\u00bb align=\u00a0\u00bbcenter\u00a0\u00bb _builder_version=\u00a0\u00bb3.29.3&Prime; min_height=\u00a0\u00bb387px\u00a0\u00bb custom_padding=\u00a0\u00bb||2px|||\u00a0\u00bb hover_enabled=\u00a0\u00bb0&Prime; _i=\u00a0\u00bb0&Prime; _address=\u00a0\u00bb2.4.0.0&Prime;][\/et_pb_image][\/et_pb_column][et_pb_column type=\u00a0\u00bb1_2&Prime; _builder_version=\u00a0\u00bb3.29.3&Prime; _i=\u00a0\u00bb1&Prime; _address=\u00a0\u00bb2.4.1&Prime;][et_pb_text _builder_version=\u00a0\u00bb3.29.3&Prime; text_font=\u00a0\u00bbMontserrat||||||||\u00a0\u00bb header_font=\u00a0\u00bbMontserrat||||||||\u00a0\u00bb custom_padding=\u00a0\u00bb0px|||||\u00a0\u00bb _i=\u00a0\u00bb0&Prime; _address=\u00a0\u00bb2.4.1.0&Prime;]\n<p>&nbsp;<\/p>\n<p>\u00a0<span class=\"x1kky2od xlup9mm xgzva0m xdj266r x1j61x8r x3nfvp2 x1fcty0u xhhsvwb xat24cr xxymvpz\"><span class=\"x1kky2od xlup9mm xgzva0m xdj266r x1j61x8r x3nfvp2 x1fcty0u xhhsvwb xat24cr xxymvpz\"><img loading=\"lazy\" decoding=\"async\" height=\"16\" width=\"16\" alt=\"\ud83c\udf3a\" referrerpolicy=\"origin-when-cross-origin\" src=\"https:\/\/static.xx.fbcdn.net\/images\/emoji.php\/v9\/t99\/1\/16\/1f33a.png\" class=\"\" \/><\/span><\/span><span style=\"color: #000000;\">\u00a0Votre accompagnante :<\/span><\/p>\n<div class=\"x11i5rnm xat24cr xtlvy1s x1mh8g0r x1vvkbs\"><\/div>\n<div class=\"x11i5rnm xat24cr xtlvy1s x1mh8g0r x1vvkbs\"><\/div>\n<p><span style=\"color: #000000;\"><\/span><\/p>\n<p><span style=\"color: #000000;\"><\/span><\/p>\n<div class=\"x11i5rnm xat24cr xtlvy1s x1mh8g0r x1vvkbs\">\n<div class=\"x11i5rnm xat24cr xtlvy1s x1mh8g0r x1vvkbs\"><\/div>\n<div class=\"x11i5rnm xat24cr xtlvy1s x1mh8g0r x1vvkbs\"><\/div>\n<div class=\"x11i5rnm xat24cr xtlvy1s x1mh8g0r x1vvkbs\"><\/div>\n<div class=\"x11i5rnm xat24cr xtlvy1s x1mh8g0r x1vvkbs\" style=\"text-align: justify;\"><span class=\"x1kky2od xlup9mm xgzva0m xdj266r x1j61x8r x3nfvp2 x1fcty0u xhhsvwb xat24cr xxymvpz\"><img loading=\"lazy\" decoding=\"async\" height=\"16\" width=\"16\" alt=\"\ud83d\udc49\" referrerpolicy=\"origin-when-cross-origin\" src=\"https:\/\/static.xx.fbcdn.net\/images\/emoji.php\/v9\/t51\/1\/16\/1f449.png\" class=\"\" \/><\/span><span>Ce stage de deux jours est anim\u00e9 par moi-m\u00eame, Nathalie Chauvel \u00ab\u00a0\u00c9veilleuse de conscience, je suis cr\u00e9atrice d&rsquo;espaces de transformation, pendant lesquels la \u00ab\u00a0gu\u00e9rison\u00a0\u00bb et la \u00ab r\u00e9v\u00e9lation de ton \u00eatre \u00bb se font par l&rsquo;\u00e9coute du corps, l&rsquo;intention, la visualisation et l&rsquo;attention aux messages de l\u2019\u00e2me.\u00a0\u00bb <\/span><span><span class=\"x193iq5w xeuugli x13faqbe x1vvkbs x1xmvt09 x1lliihq x1s928wv xhkezso x1gmr53x x1cpjm7i x1fgarty x1943h6x xudqn12 x3x7a5m x6prxxf xvq8zen xo1l8bm xzsf02u\" dir=\"auto\">Depuis des ann\u00e9es, je fais de l&rsquo; accompagnement psycho-\u00e9motionnel et \u00e9nerg\u00e9tique et forme en lib\u00e9ration des m\u00e9moires cellulaires familiales, intra-ut\u00e9rines et karmiques avec entre autres la m\u00e9thode PGL.<\/span><\/span><\/div>\n<div class=\"x11i5rnm xat24cr xtlvy1s x1mh8g0r x1vvkbs\" style=\"text-align: justify;\"><span><span class=\"x193iq5w xeuugli x13faqbe x1vvkbs x1xmvt09 x1lliihq x1s928wv xhkezso x1gmr53x x1cpjm7i x1fgarty x1943h6x xudqn12 x3x7a5m x6prxxf xvq8zen xo1l8bm xzsf02u\" dir=\"auto\"><\/span><\/span><\/div>\n<div class=\"x11i5rnm xat24cr xtlvy1s x1mh8g0r x1vvkbs\" style=\"text-align: justify;\"><span><span class=\"x193iq5w xeuugli x13faqbe x1vvkbs x1xmvt09 x1lliihq x1s928wv xhkezso x1gmr53x x1cpjm7i x1fgarty x1943h6x xudqn12 x3x7a5m x6prxxf xvq8zen xo1l8bm xzsf02u\" dir=\"auto\"><\/span><\/span><\/div>\n<div class=\"x11i5rnm xat24cr xtlvy1s x1mh8g0r x1vvkbs\" style=\"text-align: justify;\"><span><span class=\"x193iq5w xeuugli x13faqbe x1vvkbs x1xmvt09 x1lliihq x1s928wv xhkezso x1gmr53x x1cpjm7i x1fgarty x1943h6x xudqn12 x3x7a5m x6prxxf xvq8zen xo1l8bm xzsf02u\" dir=\"auto\"><\/span><\/span><\/div>\n<div class=\"x11i5rnm xat24cr xtlvy1s x1mh8g0r x1vvkbs\"><span><span class=\"x193iq5w xeuugli x13faqbe x1vvkbs x1xmvt09 x1lliihq x1s928wv xhkezso x1gmr53x x1cpjm7i x1fgarty x1943h6x xudqn12 x3x7a5m x6prxxf xvq8zen xo1l8bm xzsf02u\" dir=\"auto\"><a href=\"https:\/\/isais.live\/index.php\/2024\/05\/13\/enfantinterieur_traumatisme\/\">Mon histoire personnelle<\/a> en un clic<br \/><\/span><\/span><\/div>\n<p>&nbsp;<\/p>\n<div class=\"x11i5rnm xat24cr xtlvy1s x1mh8g0r x1vvkbs\">\n<p>&nbsp;<\/p>\n<\/div>\n<div class=\"x11i5rnm xat24cr xtlvy1s x1mh8g0r x1vvkbs\"><\/div>\n<div class=\"x11i5rnm xat24cr xtlvy1s x1mh8g0r x1vvkbs\"><\/div>\n<div class=\"x11i5rnm xat24cr xtlvy1s x1mh8g0r x1vvkbs\"><\/div>\n<div class=\"x11i5rnm xat24cr xtlvy1s x1mh8g0r x1vvkbs\"><\/div>\n<div class=\"x11i5rnm xat24cr xtlvy1s x1mh8g0r x1vvkbs\"><\/div>\n<div class=\"x11i5rnm xat24cr xtlvy1s x1mh8g0r x1vvkbs\"><\/div>\n<div class=\"x11i5rnm xat24cr xtlvy1s x1mh8g0r x1vvkbs\"><\/div>\n<div class=\"x11i5rnm xat24cr xtlvy1s x1mh8g0r x1vvkbs\"><\/div>\n<div class=\"x11i5rnm xat24cr xtlvy1s x1mh8g0r x1vvkbs\"><\/div>\n<div class=\"x11i5rnm xat24cr xtlvy1s x1mh8g0r x1vvkbs\"><\/div>\n<div class=\"x11i5rnm xat24cr xtlvy1s x1mh8g0r x1vvkbs\"><\/div>\n<div class=\"x11i5rnm xat24cr xtlvy1s x1mh8g0r x1vvkbs\"><\/div>\n<\/div>\n[\/et_pb_text][\/et_pb_column][\/et_pb_row][et_pb_row _builder_version=\u00a0\u00bb3.29.3&Prime; _i=\u00a0\u00bb5&Prime; _address=\u00a0\u00bb2.5&Prime;][et_pb_column type=\u00a0\u00bb4_4&Prime; _builder_version=\u00a0\u00bb3.29.3&Prime; _i=\u00a0\u00bb0&Prime; _address=\u00a0\u00bb2.5.0&Prime;][et_pb_text _builder_version=\u00a0\u00bb3.29.3&Prime; _i=\u00a0\u00bb0&Prime; _address=\u00a0\u00bb2.5.0.0&Prime;]\n<p>Le secret : plus vous vous autorisez \u00e0 ressentir, plus l&rsquo;intelligence de vie s&rsquo;active et plus votre \u00eatre originel prend place au c\u0153ur de votre corps et plus vous pouvez devenir conscient(e) complet(e) et \u00e9panoui(e).<br \/>L&rsquo;objectif est que vous deveniez, au fil des stages, autonome sur ce chemin d\u2019\u00e9veil de conscience.<\/p>\n<p>Nathalie : 06 38 42 25 42<br \/>www.isais.live<\/p>\n[\/et_pb_text][\/et_pb_column][\/et_pb_row][\/et_pb_section]\n","protected":false},"excerpt":{"rendered":"<p>[et_pb_section fb_built=\u00a0\u00bb1&Prime; _builder_version=\u00a0\u00bb3.29.3&Prime; custom_margin=\u00a0\u00bb0px||0px||false|false\u00a0\u00bb custom_padding=\u00a0\u00bb0px||0px||false|false\u00a0\u00bb border_width_all=\u00a0\u00bb1px\u00a0\u00bb border_width_top=\u00a0\u00bb0px\u00a0\u00bb border_width_right=\u00a0\u00bb0px\u00a0\u00bb border_color_bottom=\u00a0\u00bb#d3d3d3&Prime; border_width_left=\u00a0\u00bb0px\u00a0\u00bb border_color_left=\u00a0\u00bb#eeeeee\u00a0\u00bb fb_built=\u00a0\u00bb1&Prime; _i=\u00a0\u00bb0&Prime; _address=\u00a0\u00bb0&Prime;][et_pb_row _builder_version=\u00a0\u00bb3.29.3&Prime; custom_margin=\u00a0\u00bb0px||0px||false|false\u00a0\u00bb custom_padding=\u00a0\u00bb19px||0px||false|false\u00a0\u00bb _i=\u00a0\u00bb0&Prime; _address=\u00a0\u00bb0.0&Prime;][et_pb_column type=\u00a0\u00bb4_4&Prime; _builder_version=\u00a0\u00bb3.29.3&Prime; _i=\u00a0\u00bb0&Prime; _address=\u00a0\u00bb0.0.0&Prime;][et_pb_code _builder_version=\u00a0\u00bb3.29.3&Prime; _i=\u00a0\u00bb0&Prime; _address=\u00a0\u00bb0.0.0.0&Prime;][\/et_pb_code][\/et_pb_column][\/et_pb_row][\/et_pb_section][et_pb_section fb_built=\u00a0\u00bb1&Prime; next_background_color=\u00a0\u00bb#ffffff\u00a0\u00bb _builder_version=\u00a0\u00bb3.29.3&Prime; background_color=\u00a0\u00bb#e09900&Prime; use_background_color_gradient=\u00a0\u00bbon\u00a0\u00bb background_image=\u00a0\u00bbhttps:\/\/isais.live\/wp-content\/uploads\/2025\/02\/ALCHIMIE-DES-ENERGIES-FeMININES-MASCULINES2.png\u00a0\u00bb parallax=\u00a0\u00bbon\u00a0\u00bb min_height=\u00a0\u00bb239px\u00a0\u00bb custom_margin=\u00a0\u00bb||30px|||\u00a0\u00bb custom_padding=\u00a0\u00bb||1px|||\u00a0\u00bb bottom_divider_style=\u00a0\u00bbcurve2&Prime; fb_built=\u00a0\u00bb1&Prime; _i=\u00a0\u00bb1&Prime; _address=\u00a0\u00bb1&Prime;][et_pb_row _builder_version=\u00a0\u00bb3.29.3&Prime; _i=\u00a0\u00bb0&Prime; _address=\u00a0\u00bb1.0&Prime;][et_pb_column type=\u00a0\u00bb4_4&Prime; _builder_version=\u00a0\u00bb3.29.3&Prime; _i=\u00a0\u00bb0&Prime; _address=\u00a0\u00bb1.0.0&Prime;][et_pb_image src=\u00a0\u00bbhttps:\/\/isais.live\/wp-content\/uploads\/2025\/09\/2.png\u00a0\u00bb _builder_version=\u00a0\u00bb3.29.3&Prime; hover_enabled=\u00a0\u00bb0&Prime; _i=\u00a0\u00bb0&Prime; _address=\u00a0\u00bb1.0.0.0&Prime;][\/et_pb_image][\/et_pb_column][\/et_pb_row][\/et_pb_section][et_pb_section fb_built=\u00a0\u00bb1&Prime; next_background_color=\u00a0\u00bb#000000&Prime; _builder_version=\u00a0\u00bb3.29.3&Prime; [&hellip;]<\/p>\n","protected":false},"author":3,"featured_media":0,"parent":0,"menu_order":0,"comment_status":"closed","ping_status":"closed","template":"","meta":{"_et_pb_use_builder":"on","_et_pb_old_content":"","footnotes":""},"class_list":["post-1401","page","type-page","status-publish","hentry"],"_links":{"self":[{"href":"https:\/\/isais.live\/index.php\/wp-json\/wp\/v2\/pages\/1401","targetHints":{"allow":["GET"]}}],"collection":[{"href":"https:\/\/isais.live\/index.php\/wp-json\/wp\/v2\/pages"}],"about":[{"href":"https:\/\/isais.live\/index.php\/wp-json\/wp\/v2\/types\/page"}],"author":[{"embeddable":true,"href":"https:\/\/isais.live\/index.php\/wp-json\/wp\/v2\/users\/3"}],"replies":[{"embeddable":true,"href":"https:\/\/isais.live\/index.php\/wp-json\/wp\/v2\/comments?post=1401"}],"version-history":[{"count":48,"href":"https:\/\/isais.live\/index.php\/wp-json\/wp\/v2\/pages\/1401\/revisions"}],"predecessor-version":[{"id":1529,"href":"https:\/\/isais.live\/index.php\/wp-json\/wp\/v2\/pages\/1401\/revisions\/1529"}],"wp:attachment":[{"href":"https:\/\/isais.live\/index.php\/wp-json\/wp\/v2\/media?parent=1401"}],"curies":[{"name":"wp","href":"https:\/\/api.w.org\/{rel}","templated":true}]}}